{"id":6749,"date":"2023-04-24T11:25:53","date_gmt":"2023-04-24T09:25:53","guid":{"rendered":"https:\/\/test.centralpay.eu\/mentions-legales\/"},"modified":"2026-04-22T15:35:18","modified_gmt":"2026-04-22T13:35:18","slug":"mentions-legales","status":"publish","type":"page","link":"https:\/\/www.centralpay.com\/fr\/mentions-legales\/","title":{"rendered":"Mentions l\u00e9gales"},"content":{"rendered":"\t\t<div data-elementor-type=\"wp-page\" data-elementor-id=\"6749\" class=\"elementor elementor-6749\" data-elementor-post-type=\"page\">\n\t\t\t\t<div class=\"elementor-element elementor-element-3948aa6 e-flex e-con-boxed e-con e-parent\" data-id=\"3948aa6\" data-element_type=\"container\" data-e-type=\"container\">\n\t\t\t\t\t<div class=\"e-con-inner\">\n\t\t<div class=\"elementor-element elementor-element-3abb949 e-con-full e-flex e-con e-child\" data-id=\"3abb949\" data-element_type=\"container\" data-e-type=\"container\" data-settings=\"{&quot;background_background&quot;:&quot;classic&quot;}\">\n\t\t<div class=\"elementor-element elementor-element-d105c81 e-con-full e-flex e-con e-child\" data-id=\"d105c81\" data-element_type=\"container\" data-e-type=\"container\">\n\t\t\t\t<div class=\"elementor-element elementor-element-95c9085 elementor-widget__width-initial elementor-widget-mobile__width-inherit elementor-widget elementor-widget-iteck-heading\" data-id=\"95c9085\" data-element_type=\"widget\" data-e-type=\"widget\" data-widget_type=\"iteck-heading.default\">\n\t\t\t\t<div class=\"elementor-widget-container\">\n\t\t\t\t\t<h1 class=\"iteck-heading iteck-additional-color\"><span>Mentions l\u00e9gales<\/span><\/h1>\t\t\t\t<\/div>\n\t\t\t\t<\/div>\n\t\t\t\t<div class=\"elementor-element elementor-element-73dd07b elementor-widget__width-initial elementor-widget-mobile__width-inherit elementor-widget elementor-widget-text-editor\" data-id=\"73dd07b\" data-element_type=\"widget\" data-e-type=\"widget\" data-widget_type=\"text-editor.default\">\n\t\t\t\t<div class=\"elementor-widget-container\">\n\t\t\t\t\t\t\t\t\t<p>Vous \u00eates actuellement connect\u00e9 au site internet\u00a0\u00ab\u00a0https:\/\/www.centralpay.com\u00a0\u00bb<br \/>qui est la propri\u00e9t\u00e9 exclusive de CENTRALPAY.<\/p>\t\t\t\t\t\t\t\t<\/div>\n\t\t\t\t<\/div>\n\t\t\t\t<\/div>\n\t\t\t\t<\/div>\n\t\t\t\t\t<\/div>\n\t\t\t\t<\/div>\n\t\t<div class=\"elementor-element elementor-element-7d93e61 e-flex e-con-boxed e-con e-parent\" data-id=\"7d93e61\" data-element_type=\"container\" data-e-type=\"container\">\n\t\t\t\t\t<div class=\"e-con-inner\">\n\t\t<div class=\"elementor-element elementor-element-1d24dd1 e-con-full e-flex e-con e-child\" data-id=\"1d24dd1\" data-element_type=\"container\" data-e-type=\"container\">\n\t\t\t\t<div class=\"elementor-element elementor-element-863e7a6 elementor-widget elementor-widget-heading\" data-id=\"863e7a6\" data-element_type=\"widget\" data-e-type=\"widget\" data-widget_type=\"heading.default\">\n\t\t\t\t<div class=\"elementor-widget-container\">\n\t\t\t\t\t<h2 class=\"elementor-heading-title elementor-size-default\">\u00c9diteur et propri\u00e9taire du site<\/h2>\t\t\t\t<\/div>\n\t\t\t\t<\/div>\n\t\t\t\t<div class=\"elementor-element elementor-element-f61bada elementor-widget elementor-widget-text-editor\" data-id=\"f61bada\" data-element_type=\"widget\" data-e-type=\"widget\" data-widget_type=\"text-editor.default\">\n\t\t\t\t<div class=\"elementor-widget-container\">\n\t\t\t\t\t\t\t\t\t<p>D\u00e9nomination sociale : <strong>CENTRALPAY<\/strong><br \/>Forme juridique : Soci\u00e9t\u00e9 par actions simplifi\u00e9e (SAS)<br \/>Immatriculation : RCS Tours 442 441 630<br \/>N\u00b0 TVA intracommunautaire : FR 85 44 24 41 630<br \/>Capital social : 1 443 750 euros<br \/>Si\u00e8ge social : 19 rue Edouard Vaillant, 37000 Tours, France<br \/>T\u00e9l\u00e9phone : +33 (0)2 47 68 48 69<br \/>Adresse \u00e9lectronique : <span \n                data-original-string='0fDdNSQTShSBSyWipi2RMQ==ec7R3EK3S93mAoeW85+xp2duI4pMs20+ginK2EHiiRsapw='\n                class='apbct-email-encoder'\n                title='This contact has been encoded by Anti-Spam by CleanTalk. Click to decode. To finish the decoding make sure that JavaScript is enabled in your browser.'>co<span class=\"apbct-blur\">*****<\/span>@<span class=\"apbct-blur\">********<\/span>ay.eu<\/span><br \/>Directeur de la publication : Monsieur Guillaume Ponsard, Pr\u00e9sident<\/p>\t\t\t\t\t\t\t\t<\/div>\n\t\t\t\t<\/div>\n\t\t\t\t<\/div>\n\t\t<div class=\"elementor-element elementor-element-b7228e5 e-con-full e-flex e-con e-child\" data-id=\"b7228e5\" data-element_type=\"container\" data-e-type=\"container\">\n\t\t\t\t<div class=\"elementor-element elementor-element-8dbda87 elementor-widget elementor-widget-heading\" data-id=\"8dbda87\" data-element_type=\"widget\" data-e-type=\"widget\" data-widget_type=\"heading.default\">\n\t\t\t\t<div class=\"elementor-widget-container\">\n\t\t\t\t\t<h2 class=\"elementor-heading-title elementor-size-default\">H\u00e9bergeur du site<\/h2>\t\t\t\t<\/div>\n\t\t\t\t<\/div>\n\t\t\t\t<div class=\"elementor-element elementor-element-087deb1 elementor-widget elementor-widget-text-editor\" data-id=\"087deb1\" data-element_type=\"widget\" data-e-type=\"widget\" data-widget_type=\"text-editor.default\">\n\t\t\t\t<div class=\"elementor-widget-container\">\n\t\t\t\t\t\t\t\t\t<p>D\u00e9nomination sociale : <strong>OVH<\/strong><br \/>Forme juridique : Soci\u00e9t\u00e9 par actions simplifi\u00e9e (SAS)<br \/>Code APE : 2620Z<br \/>Immatriculation : RCS Lille M\u00e9tropole 424 761 419 00045<br \/>N\u00b0 TVA intracommunautaire : FR 22 424 761 419<br \/>Capital social : 50 000 000 euros<br \/>Si\u00e8ge social : 2 rue Kellermann, 59100 Roubaix, France<br \/>T\u00e9l\u00e9phone : +33 (9) 72 10 10 07<\/p>\t\t\t\t\t\t\t\t<\/div>\n\t\t\t\t<\/div>\n\t\t\t\t<\/div>\n\t\t<div class=\"elementor-element elementor-element-4072c34 e-con-full e-flex e-con e-child\" data-id=\"4072c34\" data-element_type=\"container\" data-e-type=\"container\">\n\t\t\t\t<div class=\"elementor-element elementor-element-4f378fb elementor-widget elementor-widget-heading\" data-id=\"4f378fb\" data-element_type=\"widget\" data-e-type=\"widget\" data-widget_type=\"heading.default\">\n\t\t\t\t<div class=\"elementor-widget-container\">\n\t\t\t\t\t<h2 class=\"elementor-heading-title elementor-size-default\">Informations r\u00e9glementaires<\/h2>\t\t\t\t<\/div>\n\t\t\t\t<\/div>\n\t\t\t\t<div class=\"elementor-element elementor-element-23041e5 elementor-widget elementor-widget-text-editor\" data-id=\"23041e5\" data-element_type=\"widget\" data-e-type=\"widget\" data-widget_type=\"text-editor.default\">\n\t\t\t\t<div class=\"elementor-widget-container\">\n\t\t\t\t\t\t\t\t\t<p>CentralPay est un \u00c9tablissement de Monnaie \u00c9lectronique agr\u00e9\u00e9 en France et contr\u00f4l\u00e9 par l\u2019ACPR (Autorit\u00e9 de Contr\u00f4le Prudentiel et de R\u00e9solution, 4 place de Budapest \u2013 CS 92459 \u2013 75436 PARIS Cedex 09) (CIB 17138).\u2028<br \/><a href=\"https:\/\/www.regafi.fr\/spip.php?type=simple&amp;id_secteur=1&amp;lang=fr&amp;denomination=centralpay&amp;page=af&amp;id=4960\" target=\"_blank\" rel=\"noopener\" data-fpl-component=\"primitive\">Enregistrement Regafi<\/a><br \/><br \/>Textes :\u00a0\u2028<br \/>\u2013\u00a0<a href=\"https:\/\/www.legifrance.gouv.fr\/loda\/article_lc\/LEGIARTI000049571761\" target=\"_blank\" rel=\"noopener\" data-fpl-component=\"primitive\">Loi n\u00b02004-575 du 21 juin 2004, art.6, III<\/a>\u2028<br \/>\u2013 Code mon\u00e9taire et financier (CMF)\u00a0:\u00a0<a href=\"https:\/\/www.legifrance.gouv.fr\/codes\/article_lc\/LEGIARTI000050370344\" target=\"_blank\" rel=\"noopener\" data-fpl-component=\"primitive\">art.\u00a0L.525-1 et suivants<\/a>\u00a0;\u00a0<a href=\"https:\/\/www.legifrance.gouv.fr\/codes\/article_lc\/LEGIARTI000035430719\" target=\"_blank\" rel=\"noopener\" data-fpl-component=\"primitive\">art.L.522-6 et suivants<\/a>\u2028<br \/>\u2013 Code mon\u00e9taire et financier (CMF)\u00a0:\u00a0<a href=\"https:\/\/www.legifrance.gouv.fr\/codes\/article_lc\/LEGIARTI000051557862#:~:text=%2DL&#039;Autorit%C3%A9%20de%20contr%C3%B4le%20prudentiel,personnes%20soumises%20%C3%A0%20son%20contr%C3%B4le.\" target=\"_blank\" rel=\"noopener\" data-fpl-component=\"primitive\">art.\u00a0L.612-1<\/a>\u00a0(recours \u00e0 un m\u00e9diateur)\u2028<br \/>\u2013 Code mon\u00e9taire et financier (CMF)\u00a0:\u00a0<a href=\"https:\/\/www.legifrance.gouv.fr\/codes\/article_lc\/LEGIARTI000037294471\" target=\"_blank\" rel=\"noopener\" data-fpl-component=\"primitive\">art.\u00a0L.314-5 et suivants<\/a>\u00a0(litiges)\u2028<br \/>\u2013\u00a0<a href=\"https:\/\/eur-lex.europa.eu\/legal-content\/FR\/ALL\/?uri=celex%3A32009L0110\" target=\"_blank\" rel=\"noopener\" data-fpl-component=\"primitive\">Directive 2009\/110\/CE (EMD2)<\/a>\u2028\u2013\u00a0<a href=\"https:\/\/eur-lex.europa.eu\/eli\/dir\/2015\/2366\/oj?locale=fr\" target=\"_blank\" rel=\"noopener\" data-fpl-component=\"primitive\">Directive (UE) 2015\/2366 (DSP2)<\/a>\u2028<br \/>\u2013\u00a0<a href=\"https:\/\/eur-lex.europa.eu\/eli\/reg\/2016\/679\/oj?locale=fr\" target=\"_blank\" rel=\"noopener\" data-fpl-component=\"primitive\">Textes RGPD (UE) 2016\/679<\/a>\u00a0et\u00a0<a href=\"https:\/\/www.legifrance.gouv.fr\/loda\/id\/JORFTEXT000000886460\" target=\"_blank\" rel=\"noopener\" data-fpl-component=\"primitive\">Loi informatique et Libert\u00e9s (France)<\/a><\/p>\t\t\t\t\t\t\t\t<\/div>\n\t\t\t\t<\/div>\n\t\t\t\t<\/div>\n\t\t\t\t\t<\/div>\n\t\t\t\t<\/div>\n\t\t\t\t<\/div>\n\t\t","protected":false},"excerpt":{"rendered":"<p>Mentions l\u00e9gales Vous \u00eates actuellement connect\u00e9 au site internet\u00a0\u00ab\u00a0https:\/\/www.centralpay.com\u00a0\u00bbqui est la propri\u00e9t\u00e9 exclusive de CENTRALPAY. \u00c9diteur et propri\u00e9taire du site D\u00e9nomination sociale : CENTRALPAYForme juridique : Soci\u00e9t\u00e9 par actions simplifi\u00e9e (SAS)Immatriculation : RCS Tours 442 441 630N\u00b0 TVA intracommunautaire : FR 85 44 24 41 630Capital social : 1 443 750 eurosSi\u00e8ge social : 19 rue Edouard Vaillant, 37000 Tours, &hellip;<\/p>\n","protected":false},"author":1,"featured_media":0,"parent":0,"menu_order":17,"comment_status":"closed","ping_status":"closed","template":"blank-builder.php","meta":{"_acf_changed":false,"footnotes":""},"class_list":["post-6749","page","type-page","status-publish","hentry"],"acf":[],"_links":{"self":[{"href":"https:\/\/www.centralpay.com\/fr\/wp-json\/wp\/v2\/pages\/6749","targetHints":{"allow":["GET"]}}],"collection":[{"href":"https:\/\/www.centralpay.com\/fr\/wp-json\/wp\/v2\/pages"}],"about":[{"href":"https:\/\/www.centralpay.com\/fr\/wp-json\/wp\/v2\/types\/page"}],"author":[{"embeddable":true,"href":"https:\/\/www.centralpay.com\/fr\/wp-json\/wp\/v2\/users\/1"}],"replies":[{"embeddable":true,"href":"https:\/\/www.centralpay.com\/fr\/wp-json\/wp\/v2\/comments?post=6749"}],"version-history":[{"count":33,"href":"https:\/\/www.centralpay.com\/fr\/wp-json\/wp\/v2\/pages\/6749\/revisions"}],"predecessor-version":[{"id":67992,"href":"https:\/\/www.centralpay.com\/fr\/wp-json\/wp\/v2\/pages\/6749\/revisions\/67992"}],"wp:attachment":[{"href":"https:\/\/www.centralpay.com\/fr\/wp-json\/wp\/v2\/media?parent=6749"}],"curies":[{"name":"wp","href":"https:\/\/api.w.org\/{rel}","templated":true}]}}