{"id":61334,"date":"2026-02-24T10:59:49","date_gmt":"2026-02-24T09:59:49","guid":{"rendered":"https:\/\/www.centralpay.com\/?page_id=61334"},"modified":"2026-02-26T17:00:33","modified_gmt":"2026-02-26T16:00:33","slug":"slider","status":"publish","type":"page","link":"https:\/\/www.centralpay.com\/fr\/slider\/","title":{"rendered":"slider"},"content":{"rendered":"\t\t<div data-elementor-type=\"wp-page\" data-elementor-id=\"61334\" class=\"elementor elementor-61334\" data-elementor-post-type=\"page\">\n\t\t\t\t<div class=\"elementor-element elementor-element-54c84b9 e-flex e-con-boxed e-con e-parent\" data-id=\"54c84b9\" data-element_type=\"container\" data-e-type=\"container\">\n\t\t\t\t\t<div class=\"e-con-inner\">\n\t\t<div class=\"elementor-element elementor-element-8724bfb e-con-full accordion-card e-flex e-con e-child\" data-id=\"8724bfb\" data-element_type=\"container\" data-e-type=\"container\" data-settings=\"{&quot;background_background&quot;:&quot;classic&quot;}\">\n\t\t\t\t<div class=\"elementor-element elementor-element-2ab6b21 elementor-position-inline-start elementor-tablet_extra-position-inline-start elementor-mobile-position-inline-start elementor-view-default elementor-widget elementor-widget-icon-box\" data-id=\"2ab6b21\" data-element_type=\"widget\" data-e-type=\"widget\" data-widget_type=\"icon-box.default\">\n\t\t\t\t<div class=\"elementor-widget-container\">\n\t\t\t\t\t\t\t<div class=\"elementor-icon-box-wrapper\">\n\n\t\t\t\t\t\t<div class=\"elementor-icon-box-icon\">\n\t\t\t\t<span  class=\"elementor-icon\">\n\t\t\t\t<svg xmlns=\"http:\/\/www.w3.org\/2000\/svg\" id=\"Calque_1\" viewBox=\"0 0 37 36.5\"><path d=\"M27,21.4c-.7.8-.7,2.1.1,2.8.8.7,2.1.7,2.8-.1l3.9-4.4c.7-.8.7-1.9,0-2.7l-4-4.3c-.7-.8-2-.9-2.8-.1-.4.4-.6.9-.6,1.5s.2,1,.5,1.3l1,1H4.4c-1.1,0-2,.9-2,2s.9,2,2,2h23.5l-1,1.1.1-.1Z\" fill=\"#5073fb\"><\/path><path d=\"M16.3,13.3c0-2.8,1.6-4.7,3.9-4.7h3.6l-.9,1c-.7.8-.7,2.1.1,2.8.8.7,2.1.7,2.8-.1l3.7-4.1c.5-.4.8-.9.8-1.5s0,0,0,0c0-.5-.1-1-.5-1.4l-4-4.3c-.7-.8-2-.9-2.8-.1-.4.4-.6.9-.6,1.5s.2,1,.5,1.3l1,1.1h-3.7c-4.6,0-7.9,3.7-7.9,8.7s.9,2,2,2,2-.9,2-2v-.2Z\" fill=\"#5073fb\"><\/path><path d=\"M25.9,35.6l4-4.3c.4-.4.5-.9.5-1.4h0c0-.6-.3-1.2-.8-1.5l-3.7-4.1c-.7-.8-2-.9-2.8-.1-.8.7-.9,2-.1,2.8l.9,1h-3.6c-2.4,0-3.9-1.9-3.9-4.7s-.9-2-2-2-2,.9-2,2c0,5,3.3,8.7,7.9,8.7h3.7l-1,1.1c-.4.4-.5.9-.5,1.3s.2,1.1.6,1.5c.8.7,2,.7,2.8-.1v-.2Z\" fill=\"#5073fb\"><\/path><\/svg>\t\t\t\t<\/span>\n\t\t\t<\/div>\n\t\t\t\n\t\t\t\t\t\t<div class=\"elementor-icon-box-content\">\n\n\t\t\t\t\t\t\t\t\t<span class=\"elementor-icon-box-title\">\n\t\t\t\t\t\t<span  >\n\t\t\t\t\t\t\tMarketplaces\t\t\t\t\t\t<\/span>\n\t\t\t\t\t<\/span>\n\t\t\t\t\n\t\t\t\t\n\t\t\t<\/div>\n\t\t\t\n\t\t<\/div>\n\t\t\t\t\t\t<\/div>\n\t\t\t\t<\/div>\n\t\t<div class=\"elementor-element elementor-element-2f2e9f0 e-con-full inner-content e-flex e-con e-child\" data-id=\"2f2e9f0\" data-element_type=\"container\" data-e-type=\"container\">\n\t\t<div class=\"elementor-element elementor-element-f1330be e-con-full inner-content e-flex e-con e-child\" data-id=\"f1330be\" data-element_type=\"container\" data-e-type=\"container\">\n\t\t\t\t<div class=\"elementor-element elementor-element-c27541f elementor-widget elementor-widget-heading\" data-id=\"c27541f\" data-element_type=\"widget\" data-e-type=\"widget\" data-widget_type=\"heading.default\">\n\t\t\t\t<div class=\"elementor-widget-container\">\n\t\t\t\t\t<h2 class=\"elementor-heading-title elementor-size-default\">Collectez des paiements et r\u00e9glez vos marchands<\/h2>\t\t\t\t<\/div>\n\t\t\t\t<\/div>\n\t\t\t\t<div class=\"elementor-element elementor-element-3ac1bb3 inner-glow elementor-widget elementor-widget-text-editor\" data-id=\"3ac1bb3\" data-element_type=\"widget\" data-e-type=\"widget\" data-widget_type=\"text-editor.default\">\n\t\t\t\t<div class=\"elementor-widget-container\">\n\t\t\t\t\t\t\t\t\t<ul><li>Onboarding express de vos marchands<\/li><li>Orchestration des paiements pilot\u00e9e par CentralPay<\/li><li>Gestion de la collecte des commissions marketplace<\/li><li>Pay-out automatis\u00e9s<\/li><\/ul>\t\t\t\t\t\t\t\t<\/div>\n\t\t\t\t<\/div>\n\t\t\t\t<\/div>\n\t\t<div class=\"elementor-element elementor-element-732aeff e-con-full e-flex e-con e-child\" data-id=\"732aeff\" data-element_type=\"container\" data-e-type=\"container\">\n\t\t\t\t<div class=\"elementor-element elementor-element-eec7fc4 elementor-widget__width-auto slide-button, btn-plus elementor-align-left elementor-widget elementor-widget-iteck-button\" data-id=\"eec7fc4\" data-element_type=\"widget\" data-e-type=\"widget\" data-widget_type=\"iteck-button.default\">\n\t\t\t\t<div class=\"elementor-widget-container\">\n\t\t\t\t\t\n\t\t<a href=\"https:\/\/www.centralpay.com\/fr\/usages\/paiement-marketplace\/\"  class=\"iteck-button \">\n\t\t\t<span class=\"iteck-button-content-wrapper\">\n\t\t\t\t\t\t\t\t<span class=\"iteck-button-text\">\n\t\t\t\t\tEn savoir plus\t\t\t\t<\/span>\n\t\t\t\t\t\t\t\t\t<span class=\"iteck-button-icon iteck-align-icon-right hover-animation-none\">\n\t\t\t\t\t\t<svg aria-hidden=\"true\" class=\"e-font-icon-svg e-fas-arrow-right\" viewBox=\"0 0 448 512\" xmlns=\"http:\/\/www.w3.org\/2000\/svg\"><path d=\"M190.5 66.9l22.2-22.2c9.4-9.4 24.6-9.4 33.9 0L441 239c9.4 9.4 9.4 24.6 0 33.9L246.6 467.3c-9.4 9.4-24.6 9.4-33.9 0l-22.2-22.2c-9.5-9.5-9.3-25 .4-34.3L311.4 296H24c-13.3 0-24-10.7-24-24v-32c0-13.3 10.7-24 24-24h287.4L190.9 101.2c-9.8-9.3-10-24.8-.4-34.3z\"><\/path><\/svg>\t\t\t\t\t<\/span>\n\t\t\t\t\t\t\t<\/span>\n\t\t<\/a>\n\n\t\t\t\t<\/div>\n\t\t\t\t<\/div>\n\t\t\t\t<\/div>\n\t\t\t\t<\/div>\n\t\t\t\t<\/div>\n\t\t<div class=\"elementor-element elementor-element-bbe5298 e-con-full accordion-card e-flex e-con e-child\" data-id=\"bbe5298\" data-element_type=\"container\" data-e-type=\"container\" data-settings=\"{&quot;background_background&quot;:&quot;classic&quot;}\">\n\t\t\t\t<div class=\"elementor-element elementor-element-645594d elementor-position-inline-start elementor-tablet_extra-position-inline-start elementor-mobile-position-inline-start elementor-view-default elementor-widget elementor-widget-icon-box\" data-id=\"645594d\" data-element_type=\"widget\" data-e-type=\"widget\" data-widget_type=\"icon-box.default\">\n\t\t\t\t<div class=\"elementor-widget-container\">\n\t\t\t\t\t\t\t<div class=\"elementor-icon-box-wrapper\">\n\n\t\t\t\t\t\t<div class=\"elementor-icon-box-icon\">\n\t\t\t\t<span  class=\"elementor-icon\">\n\t\t\t\t<svg xmlns=\"http:\/\/www.w3.org\/2000\/svg\" id=\"Calque_1\" viewBox=\"0 0 568.6 484.1\"><path d=\"M554.6,172.8h-71.6L357.9,12.2c-5.2-6.7-15-7.9-21.7-2.7l-27.1,21.1c-6.7,5.2-7.9,15-2.7,21.7l93.8,120.6h-231.2l93.8-120.6c5.2-6.7,4-16.5-2.7-21.7l-27.1-21.1c-6.7-5.2-16.5-4-21.7,2.7l-125,160.6H14.5c-6.6,0-12,5.4-12,12v41.9c0,6.6,5.4,12,12,12h20.2l26.6,232.2c0,6.6,5.4,12,12,12h422.5c6.6,0,12-5.4,12-12l24.7-232.2h22c6.6,0,12-5.4,12-12v-41.9c0-6.6-5.4-12-12-12ZM201.6,393.9c0,6.6-5.4,12-12,12h-25.2c-6.6,0-12-5.4-12-12v-143.2c0-6.6,5.4-12,12-12h25.2c6.6,0,12,5.4,12,12v143.2ZM306.9,393.9c0,6.6-5.4,12-12,12h-25.2c-6.6,0-12-5.4-12-12v-143.2c0-6.6,5.4-12,12-12h25.2c6.6,0,12,5.4,12,12v143.2ZM417.8,250.7v143.2c0,6.6-5.4,12-12,12h-25.2c-6.6,0-12-5.4-12-12v-143.2c0-6.6,5.4-12,12-12h25.2c6.6,0,12,5.4,12,12Z\" fill=\"#5073fb\"><\/path><\/svg>\t\t\t\t<\/span>\n\t\t\t<\/div>\n\t\t\t\n\t\t\t\t\t\t<div class=\"elementor-icon-box-content\">\n\n\t\t\t\t\t\t\t\t\t<span class=\"elementor-icon-box-title\">\n\t\t\t\t\t\t<span  >\n\t\t\t\t\t\t\tE-commerce\t\t\t\t\t\t<\/span>\n\t\t\t\t\t<\/span>\n\t\t\t\t\n\t\t\t\t\n\t\t\t<\/div>\n\t\t\t\n\t\t<\/div>\n\t\t\t\t\t\t<\/div>\n\t\t\t\t<\/div>\n\t\t<div class=\"elementor-element elementor-element-4237953 e-con-full inner-content e-flex e-con e-child\" data-id=\"4237953\" data-element_type=\"container\" data-e-type=\"container\">\n\t\t<div class=\"elementor-element elementor-element-fb3c19b e-con-full inner-content e-flex e-con e-child\" data-id=\"fb3c19b\" data-element_type=\"container\" data-e-type=\"container\">\n\t\t\t\t<div class=\"elementor-element elementor-element-02ac9b5 elementor-widget elementor-widget-heading\" data-id=\"02ac9b5\" data-element_type=\"widget\" data-e-type=\"widget\" data-widget_type=\"heading.default\">\n\t\t\t\t<div class=\"elementor-widget-container\">\n\t\t\t\t\t<h2 class=\"elementor-heading-title elementor-size-default\">Acceptez plus de paiements en ligne<\/h2>\t\t\t\t<\/div>\n\t\t\t\t<\/div>\n\t\t\t\t<div class=\"elementor-element elementor-element-4842e94 elementor-widget elementor-widget-text-editor\" data-id=\"4842e94\" data-element_type=\"widget\" data-e-type=\"widget\" data-widget_type=\"text-editor.default\">\n\t\t\t\t<div class=\"elementor-widget-container\">\n\t\t\t\t\t\t\t\t\t<ul><li>Boostez les paiements carte avec Apple Pay et Google Pay<\/li><li>Acceptez les virements instantan\u00e9s, Pay by Bank et pr\u00e9l\u00e8vements SEPA<\/li><li>Int\u00e9gration rapide par plugin, SDK ou page de paiement h\u00e9berg\u00e9e<\/li><li>S\u00e9curit\u00e9 des donn\u00e9es et services anti-fraude int\u00e9gr\u00e9s<\/li><\/ul>\t\t\t\t\t\t\t\t<\/div>\n\t\t\t\t<\/div>\n\t\t\t\t<\/div>\n\t\t<div class=\"elementor-element elementor-element-20eaf33 e-con-full e-flex e-con e-child\" data-id=\"20eaf33\" data-element_type=\"container\" data-e-type=\"container\">\n\t\t\t\t<div class=\"elementor-element elementor-element-32af62b elementor-widget__width-auto slide-button, btn-plus elementor-align-left elementor-widget elementor-widget-iteck-button\" data-id=\"32af62b\" data-element_type=\"widget\" data-e-type=\"widget\" data-widget_type=\"iteck-button.default\">\n\t\t\t\t<div class=\"elementor-widget-container\">\n\t\t\t\t\t\n\t\t<a href=\"https:\/\/www.centralpay.com\/fr\/usages\/vente-en-ligne-et-a-distance\/\"  class=\"iteck-button \">\n\t\t\t<span class=\"iteck-button-content-wrapper\">\n\t\t\t\t\t\t\t\t<span class=\"iteck-button-text\">\n\t\t\t\t\tEn savoir plus\t\t\t\t<\/span>\n\t\t\t\t\t\t\t\t\t<span class=\"iteck-button-icon iteck-align-icon-right hover-animation-none\">\n\t\t\t\t\t\t<svg aria-hidden=\"true\" class=\"e-font-icon-svg e-fas-arrow-right\" viewBox=\"0 0 448 512\" xmlns=\"http:\/\/www.w3.org\/2000\/svg\"><path d=\"M190.5 66.9l22.2-22.2c9.4-9.4 24.6-9.4 33.9 0L441 239c9.4 9.4 9.4 24.6 0 33.9L246.6 467.3c-9.4 9.4-24.6 9.4-33.9 0l-22.2-22.2c-9.5-9.5-9.3-25 .4-34.3L311.4 296H24c-13.3 0-24-10.7-24-24v-32c0-13.3 10.7-24 24-24h287.4L190.9 101.2c-9.8-9.3-10-24.8-.4-34.3z\"><\/path><\/svg>\t\t\t\t\t<\/span>\n\t\t\t\t\t\t\t<\/span>\n\t\t<\/a>\n\n\t\t\t\t<\/div>\n\t\t\t\t<\/div>\n\t\t\t\t<\/div>\n\t\t\t\t<\/div>\n\t\t\t\t<\/div>\n\t\t<div class=\"elementor-element elementor-element-91f4a4c e-con-full accordion-card e-flex e-con e-child\" data-id=\"91f4a4c\" data-element_type=\"container\" data-e-type=\"container\" data-settings=\"{&quot;background_background&quot;:&quot;classic&quot;}\">\n\t\t\t\t<div class=\"elementor-element elementor-element-4797298 elementor-position-inline-start elementor-tablet_extra-position-inline-start elementor-mobile-position-inline-start elementor-view-default elementor-widget elementor-widget-icon-box\" data-id=\"4797298\" data-element_type=\"widget\" data-e-type=\"widget\" data-widget_type=\"icon-box.default\">\n\t\t\t\t<div class=\"elementor-widget-container\">\n\t\t\t\t\t\t\t<div class=\"elementor-icon-box-wrapper\">\n\n\t\t\t\t\t\t<div class=\"elementor-icon-box-icon\">\n\t\t\t\t<span  class=\"elementor-icon\">\n\t\t\t\t<svg xmlns=\"http:\/\/www.w3.org\/2000\/svg\" id=\"Calque_1\" viewBox=\"0 0 568.6 657.6\"><path d=\"M516.8,0H50.1C23.3,0,1.4,21.9,1.4,48.7v560.3c0,26.8,21.9,48.7,48.7,48.7h466.7c26.8,0,48.7-21.9,48.7-48.7V48.7c0-26.8-21.9-48.7-48.7-48.7ZM160.1,473.4h-64.6v-58.9h64.6v58.9ZM160.1,399.1h-64.6v-58.9h64.6v58.9ZM160.1,324.9h-64.6v-58.9h64.6v58.9ZM365.8,340.3v58.9h-186.1v-58.9h186.1ZM179.7,324.9v-58.9h186.1v58.9h-186.1ZM365.8,414.5v58.9h-186.1v-58.9h186.1ZM446.3,575.4h-184.1v-40.6h184.1v40.6ZM448.3,473.4h-64.6v-58.9h64.6v58.9ZM448.3,399.1h-64.6v-58.9h64.6v58.9ZM448.3,324.9h-64.6v-58.9h64.6v58.9ZM448.3,194.7H97.8v-72.5h350.6v72.5Z\" fill=\"#5073fb\"><\/path><\/svg>\t\t\t\t<\/span>\n\t\t\t<\/div>\n\t\t\t\n\t\t\t\t\t\t<div class=\"elementor-icon-box-content\">\n\n\t\t\t\t\t\t\t\t\t<span class=\"elementor-icon-box-title\">\n\t\t\t\t\t\t<span  >\n\t\t\t\t\t\t\tFactures\t\t\t\t\t\t<\/span>\n\t\t\t\t\t<\/span>\n\t\t\t\t\n\t\t\t\t\n\t\t\t<\/div>\n\t\t\t\n\t\t<\/div>\n\t\t\t\t\t\t<\/div>\n\t\t\t\t<\/div>\n\t\t<div class=\"elementor-element elementor-element-21df4ee e-con-full inner-content e-flex e-con e-child\" data-id=\"21df4ee\" data-element_type=\"container\" data-e-type=\"container\">\n\t\t<div class=\"elementor-element elementor-element-b88a81c e-con-full inner-content e-flex e-con e-child\" data-id=\"b88a81c\" data-element_type=\"container\" data-e-type=\"container\">\n\t\t\t\t<div class=\"elementor-element elementor-element-f63f4c4 elementor-widget elementor-widget-heading\" data-id=\"f63f4c4\" data-element_type=\"widget\" data-e-type=\"widget\" data-widget_type=\"heading.default\">\n\t\t\t\t<div class=\"elementor-widget-container\">\n\t\t\t\t\t<h2 class=\"elementor-heading-title elementor-size-default\">Faites payer vos factures, sans effort<\/h2>\t\t\t\t<\/div>\n\t\t\t\t<\/div>\n\t\t\t\t<div class=\"elementor-element elementor-element-a41b554 inner-glow elementor-widget elementor-widget-text-editor\" data-id=\"a41b554\" data-element_type=\"widget\" data-e-type=\"widget\" data-widget_type=\"text-editor.default\">\n\t\t\t\t<div class=\"elementor-widget-container\">\n\t\t\t\t\t\t\t\t\t<ul><li>Demandes de paiement par email &amp; sms, avec relances automatiques<\/li><li>Traitement automatique des virements, pr\u00e9l\u00e8vements et cartes<\/li><li>Paiements comptants, acomptes-soldes et paiements \u00e0 \u00e9ch\u00e9ance<\/li><li>Synchronisation aux ERP, logiciels et outils m\u00e9tier<\/li><\/ul>\t\t\t\t\t\t\t\t<\/div>\n\t\t\t\t<\/div>\n\t\t\t\t<\/div>\n\t\t<div class=\"elementor-element elementor-element-dbaba94 e-con-full e-flex e-con e-child\" data-id=\"dbaba94\" data-element_type=\"container\" data-e-type=\"container\">\n\t\t\t\t<div class=\"elementor-element elementor-element-96510c4 elementor-widget__width-auto slide-button, btn-plus elementor-align-left elementor-widget elementor-widget-iteck-button\" data-id=\"96510c4\" data-element_type=\"widget\" data-e-type=\"widget\" data-widget_type=\"iteck-button.default\">\n\t\t\t\t<div class=\"elementor-widget-container\">\n\t\t\t\t\t\n\t\t<a href=\"https:\/\/www.centralpay.com\/fr\/usages\/recouvrement-de-factures\/\"  class=\"iteck-button \">\n\t\t\t<span class=\"iteck-button-content-wrapper\">\n\t\t\t\t\t\t\t\t<span class=\"iteck-button-text\">\n\t\t\t\t\tEn savoir plus\t\t\t\t<\/span>\n\t\t\t\t\t\t\t\t\t<span class=\"iteck-button-icon iteck-align-icon-right hover-animation-none\">\n\t\t\t\t\t\t<svg aria-hidden=\"true\" class=\"e-font-icon-svg e-fas-arrow-right\" viewBox=\"0 0 448 512\" xmlns=\"http:\/\/www.w3.org\/2000\/svg\"><path d=\"M190.5 66.9l22.2-22.2c9.4-9.4 24.6-9.4 33.9 0L441 239c9.4 9.4 9.4 24.6 0 33.9L246.6 467.3c-9.4 9.4-24.6 9.4-33.9 0l-22.2-22.2c-9.5-9.5-9.3-25 .4-34.3L311.4 296H24c-13.3 0-24-10.7-24-24v-32c0-13.3 10.7-24 24-24h287.4L190.9 101.2c-9.8-9.3-10-24.8-.4-34.3z\"><\/path><\/svg>\t\t\t\t\t<\/span>\n\t\t\t\t\t\t\t<\/span>\n\t\t<\/a>\n\n\t\t\t\t<\/div>\n\t\t\t\t<\/div>\n\t\t\t\t<\/div>\n\t\t\t\t<\/div>\n\t\t\t\t<\/div>\n\t\t<div class=\"elementor-element elementor-element-6e2cece e-con-full accordion-card e-flex e-con e-child\" data-id=\"6e2cece\" data-element_type=\"container\" data-e-type=\"container\" data-settings=\"{&quot;background_background&quot;:&quot;classic&quot;}\">\n\t\t\t\t<div class=\"elementor-element elementor-element-f3f0823 elementor-position-inline-start elementor-tablet_extra-position-inline-start elementor-mobile-position-inline-start elementor-view-default elementor-widget elementor-widget-icon-box\" data-id=\"f3f0823\" data-element_type=\"widget\" data-e-type=\"widget\" data-widget_type=\"icon-box.default\">\n\t\t\t\t<div class=\"elementor-widget-container\">\n\t\t\t\t\t\t\t<div class=\"elementor-icon-box-wrapper\">\n\n\t\t\t\t\t\t<div class=\"elementor-icon-box-icon\">\n\t\t\t\t<span  class=\"elementor-icon\">\n\t\t\t\t<svg xmlns=\"http:\/\/www.w3.org\/2000\/svg\" id=\"Calque_1\" viewBox=\"0 0 645.3 657.6\"><rect width=\"292.5\" height=\"301.7\" fill=\"#5073fb\"><\/rect><rect y=\"355.9\" width=\"292.5\" height=\"301.7\" fill=\"#5073fb\"><\/rect><rect x=\"352.8\" width=\"292.5\" height=\"301.7\" fill=\"#5073fb\"><\/rect><rect x=\"379.1\" y=\"463.4\" width=\"242.9\" height=\"81.2\" fill=\"#5073fb\"><\/rect><rect x=\"379.1\" y=\"463.4\" width=\"242.9\" height=\"81.2\" transform=\"translate(1004.7 3.5) rotate(90)\" fill=\"#5073fb\"><\/rect><\/svg>\t\t\t\t<\/span>\n\t\t\t<\/div>\n\t\t\t\n\t\t\t\t\t\t<div class=\"elementor-icon-box-content\">\n\n\t\t\t\t\t\t\t\t\t<span class=\"elementor-icon-box-title\">\n\t\t\t\t\t\t<span  >\n\t\t\t\t\t\t\tSur-mesure\t\t\t\t\t\t<\/span>\n\t\t\t\t\t<\/span>\n\t\t\t\t\n\t\t\t\t\n\t\t\t<\/div>\n\t\t\t\n\t\t<\/div>\n\t\t\t\t\t\t<\/div>\n\t\t\t\t<\/div>\n\t\t<div class=\"elementor-element elementor-element-e72d76b e-con-full inner-content e-flex e-con e-child\" data-id=\"e72d76b\" data-element_type=\"container\" data-e-type=\"container\">\n\t\t<div class=\"elementor-element elementor-element-9f44618 e-con-full inner-content e-flex e-con e-child\" data-id=\"9f44618\" data-element_type=\"container\" data-e-type=\"container\">\n\t\t\t\t<div class=\"elementor-element elementor-element-e1ec024 elementor-widget elementor-widget-heading\" data-id=\"e1ec024\" data-element_type=\"widget\" data-e-type=\"widget\" data-widget_type=\"heading.default\">\n\t\t\t\t<div class=\"elementor-widget-container\">\n\t\t\t\t\t<h3 class=\"elementor-heading-title elementor-size-default\">D\u00e9ployez des mod\u00e8les complexes, simplement<\/h3>\t\t\t\t<\/div>\n\t\t\t\t<\/div>\n\t\t\t\t<div class=\"elementor-element elementor-element-d797832 inner-glow elementor-widget elementor-widget-text-editor\" data-id=\"d797832\" data-element_type=\"widget\" data-e-type=\"widget\" data-widget_type=\"text-editor.default\">\n\t\t\t\t<div class=\"elementor-widget-container\">\n\t\t\t\t\t\t\t\t\t<ul>\n \t<li><span style=\"font-weight: 600;\">Crypto-Asset Service Providers (MiCA) :<\/span> <a href=\"https:\/\/www.centralpay.com\/fr\/solutions\/transfert-de-paiements\/paiement-stablecoins\/\">rails de paiement FIAT vers Crypto\u00a0 \u2192<\/a><\/li>\n \t<li><span style=\"font-weight: 600;\">Financement participatif (PSFP) :<\/span> <a href=\"https:\/\/www.centralpay.com\/fr\/usages\/gestion-de-flux-financiers\/\">collecte et reversements encadr\u00e9s\u00a0 \u2192<\/a><\/li>\n \t<li><span style=\"font-weight: 600;\">\u00c9diteurs de logiciels :<\/span> <a href=\"https:\/\/www.centralpay.com\/fr\/etablissement-de-paiement-centralpay\/devenir-partenaire\/\">mod\u00e8le partenaire et int\u00e9gration rapide\u00a0 \u2192<\/a><\/li>\n \t<li><span style=\"font-weight: 600;\">Projet sp\u00e9cifique :<\/span> cadrage et accompagnement par des experts<\/li>\n<\/ul>\n<\/li>\n<\/ul>\t\t\t\t\t\t\t\t<\/div>\n\t\t\t\t<\/div>\n\t\t\t\t<\/div>\n\t\t<div class=\"elementor-element elementor-element-6a06eaf e-con-full e-flex e-con e-child\" data-id=\"6a06eaf\" data-element_type=\"container\" data-e-type=\"container\">\n\t\t\t\t<div class=\"elementor-element elementor-element-846481f elementor-widget__width-auto slide-button, btn-plus elementor-align-left elementor-widget elementor-widget-iteck-button\" data-id=\"846481f\" data-element_type=\"widget\" data-e-type=\"widget\" data-widget_type=\"iteck-button.default\">\n\t\t\t\t<div class=\"elementor-widget-container\">\n\t\t\t\t\t\n\t\t<a href=\"https:\/\/www.centralpay.com\/fr\/contactez-centralpay\/\"  class=\"iteck-button \">\n\t\t\t<span class=\"iteck-button-content-wrapper\">\n\t\t\t\t\t\t\t\t<span class=\"iteck-button-text\">\n\t\t\t\t\tEn savoir plus\t\t\t\t<\/span>\n\t\t\t\t\t\t\t\t\t<span class=\"iteck-button-icon iteck-align-icon-right hover-animation-none\">\n\t\t\t\t\t\t<svg aria-hidden=\"true\" class=\"e-font-icon-svg e-fas-arrow-right\" viewBox=\"0 0 448 512\" xmlns=\"http:\/\/www.w3.org\/2000\/svg\"><path d=\"M190.5 66.9l22.2-22.2c9.4-9.4 24.6-9.4 33.9 0L441 239c9.4 9.4 9.4 24.6 0 33.9L246.6 467.3c-9.4 9.4-24.6 9.4-33.9 0l-22.2-22.2c-9.5-9.5-9.3-25 .4-34.3L311.4 296H24c-13.3 0-24-10.7-24-24v-32c0-13.3 10.7-24 24-24h287.4L190.9 101.2c-9.8-9.3-10-24.8-.4-34.3z\"><\/path><\/svg>\t\t\t\t\t<\/span>\n\t\t\t\t\t\t\t<\/span>\n\t\t<\/a>\n\n\t\t\t\t<\/div>\n\t\t\t\t<\/div>\n\t\t\t\t<\/div>\n\t\t\t\t<\/div>\n\t\t\t\t<\/div>\n\t\t\t\t<div class=\"elementor-element elementor-element-e1d7dc2 elementor-widget elementor-widget-html\" data-id=\"e1d7dc2\" data-element_type=\"widget\" data-e-type=\"widget\" data-widget_type=\"html.default\">\n\t\t\t\t<div class=\"elementor-widget-container\">\n\t\t\t\t\t\n<!-- CSS CODE -->\n\n<style>\n    .accordion-card {\n        transition: width 0.5s;\n        overflow: hidden;\n        height:500px;\n    }\n    \n    .accordion-card.expanded .btn-plus a.iteck-button  {\n        background: #5073fb;\n    }\n\n    \/*Desktop over 1024px*\/\n    @media screen and (min-width: 1025px) {\n\n    .expanded {\n    width: 120% !important;\n    }\n    }\n\n    .expanded:after {   \n        content: '';\n        \/*background: rgba(0,0,0,0.5);*\/\n        position: absolute;\n        left: 0;\n        top: 0;\n        height: 100%;\n        width: 100%;\n        z-index: 0;\n    }\n    \n     \/*Tablet below 1441px*\/\n    @media (max-width: 1441px) {\n\n    .accordion-card {\n        transition: height 0.5s;\n        height: 200px;\n    }\n    \n    .expanded {\n        width: 100% !important;\n        height: 400px !important;\n    }\n    }\n    \n    \/*Tablet below 1024px*\/\n    @media (max-width: 1024px) {\n\n    .accordion-card {\n        transition: height 0.5s;\n        height: 200px;\n    }\n    .expanded {\n        height: 500px !important;\n    }\n    }\n\n\/* mobile, below 767px*\/\n    @media (max-width: 767px) {\n\n    .accordion-card {\n        transition: height 0.5s;\n        height: 100px;\n    }\n\n    .expanded {\n         height: 700px !important;\n    }\n    }\n    \n    .inner-content {\n        opacity: 0;\n        transition: opacity 0s;\n        z-index: 2;\n    }\n\n   .inner-content.active {\n        opacity: 1;\n        transition: opacity 0.5s 0.4s;\n    }\n\n<\/style>\n\n<!-- Javascript Code  -->\n\n<script>\n    document.addEventListener(\"DOMContentLoaded\", function () {\n\n        const accordionCards = document.querySelectorAll('.accordion-card');\n        const innerContents = document.querySelectorAll('.inner-content');\n\n        function openAccordion(card) {\n            accordionCards.forEach(accordionCard => {\n                if (accordionCard === card) {\n                    accordionCard.classList.add('expanded');\n                } else {\n                    accordionCard.classList.remove('expanded');\n                }\n            });\n\n            innerContents.forEach(innerContent => {\n                if (card.contains(innerContent)) {\n                    innerContent.classList.add('active');\n                } else {\n                    innerContent.classList.remove('active');\n                }\n            });\n        }\n\n        accordionCards.forEach(card => {\n\n            \/\/ \u2705 OUVERTURE AU CLICK\n            card.addEventListener('click', () => {\n                openAccordion(card);\n            });\n\n            \/\/ \u2705 OUVERTURE AU SURVOL (desktop uniquement)\n            card.addEventListener('mouseenter', () => {\n                if (window.innerWidth > 1024) {\n                    openAccordion(card);\n                }\n            });\n\n        });\n\n        \/\/ \u2705 OUVRIR LE PREMIER ONGLET PAR D\u00c9FAUT\n        if (accordionCards.length > 0) {\n            openAccordion(accordionCards[0]);\n        }\n\n    });\n<\/script>\t\t\t\t<\/div>\n\t\t\t\t<\/div>\n\t\t\t\t\t<\/div>\n\t\t\t\t<\/div>\n\t\t\t\t<\/div>\n\t\t","protected":false},"excerpt":{"rendered":"<p>Marketplaces Collectez des paiements et r\u00e9glez vos marchands Onboarding express de vos marchands Orchestration des paiements pilot\u00e9e par CentralPay Gestion de la collecte des commissions marketplace Pay-out automatis\u00e9s En savoir plus E-commerce Acceptez plus de paiements en ligne Boostez les paiements carte avec Apple Pay et Google Pay Acceptez les virements instantan\u00e9s, Pay by Bank et pr\u00e9l\u00e8vements SEPA Int\u00e9gration rapide &hellip;<\/p>\n","protected":false},"author":1,"featured_media":0,"parent":0,"menu_order":0,"comment_status":"closed","ping_status":"closed","template":"elementor_header_footer","meta":{"_acf_changed":false,"footnotes":""},"class_list":["post-61334","page","type-page","status-publish","hentry"],"acf":[],"_links":{"self":[{"href":"https:\/\/www.centralpay.com\/fr\/wp-json\/wp\/v2\/pages\/61334","targetHints":{"allow":["GET"]}}],"collection":[{"href":"https:\/\/www.centralpay.com\/fr\/wp-json\/wp\/v2\/pages"}],"about":[{"href":"https:\/\/www.centralpay.com\/fr\/wp-json\/wp\/v2\/types\/page"}],"author":[{"embeddable":true,"href":"https:\/\/www.centralpay.com\/fr\/wp-json\/wp\/v2\/users\/1"}],"replies":[{"embeddable":true,"href":"https:\/\/www.centralpay.com\/fr\/wp-json\/wp\/v2\/comments?post=61334"}],"version-history":[{"count":461,"href":"https:\/\/www.centralpay.com\/fr\/wp-json\/wp\/v2\/pages\/61334\/revisions"}],"predecessor-version":[{"id":61984,"href":"https:\/\/www.centralpay.com\/fr\/wp-json\/wp\/v2\/pages\/61334\/revisions\/61984"}],"wp:attachment":[{"href":"https:\/\/www.centralpay.com\/fr\/wp-json\/wp\/v2\/media?parent=61334"}],"curies":[{"name":"wp","href":"https:\/\/api.w.org\/{rel}","templated":true}]}}