{"id":3,"date":"2023-03-03T17:00:53","date_gmt":"2023-03-03T16:00:45","guid":{"rendered":"https:\/\/test.centralpay.eu\/?page_id=3"},"modified":"2026-02-03T09:35:56","modified_gmt":"2026-02-03T08:35:56","slug":"politique-de-confidentialite","status":"publish","type":"page","link":"https:\/\/www.centralpay.com\/fr\/politique-de-confidentialite\/","title":{"rendered":"Politique de confidentialit\u00e9"},"content":{"rendered":"\t\t<div data-elementor-type=\"wp-page\" data-elementor-id=\"3\" class=\"elementor elementor-3\" data-elementor-post-type=\"page\">\n\t\t\t\t<div class=\"elementor-element elementor-element-99afa31 e-flex e-con-boxed e-con e-parent\" data-id=\"99afa31\" data-element_type=\"container\" data-e-type=\"container\" data-settings=\"{&quot;background_background&quot;:&quot;classic&quot;}\">\n\t\t\t\t\t<div class=\"e-con-inner\">\n\t\t<div class=\"elementor-element elementor-element-8e1df62 e-flex e-con-boxed e-con e-child\" data-id=\"8e1df62\" data-element_type=\"container\" data-e-type=\"container\">\n\t\t\t\t\t<div class=\"e-con-inner\">\n\t\t\t\t<div class=\"elementor-element elementor-element-7ca7152 elementor-widget__width-inherit elementor-widget-mobile__width-inherit elementor-widget elementor-widget-iteck-heading\" data-id=\"7ca7152\" data-element_type=\"widget\" data-e-type=\"widget\" data-widget_type=\"iteck-heading.default\">\n\t\t\t\t<div class=\"elementor-widget-container\">\n\t\t\t\t\t<h1 class=\"iteck-heading iteck-additional-color\"><span>Politique de confidentialit\u00e9<\/span><\/h1>\t\t\t\t<\/div>\n\t\t\t\t<\/div>\n\t\t\t\t<div class=\"elementor-element elementor-element-e4c5f26 elementor-widget__width-initial elementor-widget-mobile__width-inherit elementor-widget-widescreen__width-initial elementor-widget elementor-widget-text-editor\" data-id=\"e4c5f26\" data-element_type=\"widget\" data-e-type=\"widget\" data-widget_type=\"text-editor.default\">\n\t\t\t\t<div class=\"elementor-widget-container\">\n\t\t\t\t\t\t\t\t\t<p>La pr\u00e9sente politique de confidentialit\u00e9 d\u00e9finit les modalit\u00e9s de traitement des donn\u00e9es personnelles collect\u00e9es sur le site internet de CENTRALPAY.<br \/><br \/><br \/>En utilisant notre site, vous reconnaissez que vous avez lu et que vous acceptez cette politique de confidentialit\u00e9 et que vous autorisez CENTRALPAY \u00e0 utiliser vos donn\u00e9es personnelles comme indiqu\u00e9 ci-apr\u00e8s. \u00c0 d\u00e9faut, veuillez ne pas continuer \u00e0 naviguer sur ce site web.<\/p>\t\t\t\t\t\t\t\t<\/div>\n\t\t\t\t<\/div>\n\t\t\t\t\t<\/div>\n\t\t\t\t<\/div>\n\t\t\t\t\t<\/div>\n\t\t\t\t<\/div>\n\t\t<div class=\"elementor-element elementor-element-2f44b38 e-flex e-con-boxed e-con e-parent\" data-id=\"2f44b38\" data-element_type=\"container\" data-e-type=\"container\" data-settings=\"{&quot;background_background&quot;:&quot;classic&quot;}\">\n\t\t\t\t\t<div class=\"e-con-inner\">\n\t\t<div class=\"elementor-element elementor-element-36c2d1a e-con-full e-flex e-con e-child\" data-id=\"36c2d1a\" data-element_type=\"container\" data-e-type=\"container\">\n\t\t\t\t<div class=\"elementor-element elementor-element-d03f476 elementor-widget elementor-widget-heading\" data-id=\"d03f476\" data-element_type=\"widget\" data-e-type=\"widget\" data-widget_type=\"heading.default\">\n\t\t\t\t<div class=\"elementor-widget-container\">\n\t\t\t\t\t<h2 class=\"elementor-heading-title elementor-size-default\">Donn\u00e9es collect\u00e9es et base l\u00e9gale<\/h2>\t\t\t\t<\/div>\n\t\t\t\t<\/div>\n\t\t\t\t<div class=\"elementor-element elementor-element-1f23a72 elementor-widget elementor-widget-text-editor\" data-id=\"1f23a72\" data-element_type=\"widget\" data-e-type=\"widget\" data-widget_type=\"text-editor.default\">\n\t\t\t\t<div class=\"elementor-widget-container\">\n\t\t\t\t\t\t\t\t\tLe responsable du traitement est la soci\u00e9t\u00e9 CENTRALPAY.<br>\n\nNous collectons les donn\u00e9es que vous renseignez via nos formulaires de contact.<br>\n\nCe traitement repose sur notre int\u00e9r\u00eat l\u00e9gitime \u00e0 r\u00e9pondre \u00e0 vos demandes d&#8217;informations et assurer notre d\u00e9veloppement commercial.<br>\n\nLes champs marqu\u00e9s d&#8217;un ast\u00e9risques sont obligatoires. Sans ces don\u00e9es, nous ne pourrons traiter votre demande.<br>\n\nLes donn\u00e9es collect\u00e9es sont les donn\u00e9es renseign\u00e9es par vos soins dans le formulaire de contact sur notre site internet. Les informations ayant un caract\u00e8re obligatoire sont mentionn\u00e9es sur le site par un ast\u00e9risque.\n\nPar cons\u00e9quent, nous ne serons pas en mesure de traiter votre demande si vous ne nous communiquez pas ces informations.\t\t\t\t\t\t\t\t<\/div>\n\t\t\t\t<\/div>\n\t\t\t\t<\/div>\n\t\t\t\t\t<\/div>\n\t\t\t\t<\/div>\n\t\t<div class=\"elementor-element elementor-element-a9128c4 e-flex e-con-boxed e-con e-parent\" data-id=\"a9128c4\" data-element_type=\"container\" data-e-type=\"container\" data-settings=\"{&quot;background_background&quot;:&quot;classic&quot;}\">\n\t\t\t\t\t<div class=\"e-con-inner\">\n\t\t<div class=\"elementor-element elementor-element-859ed14 e-con-full e-flex e-con e-child\" data-id=\"859ed14\" data-element_type=\"container\" data-e-type=\"container\">\n\t\t\t\t<div class=\"elementor-element elementor-element-b667599 elementor-widget elementor-widget-heading\" data-id=\"b667599\" data-element_type=\"widget\" data-e-type=\"widget\" data-widget_type=\"heading.default\">\n\t\t\t\t<div class=\"elementor-widget-container\">\n\t\t\t\t\t<h2 class=\"elementor-heading-title elementor-size-default\">Finalit\u00e9 du traitement des donn\u00e9es<\/h2>\t\t\t\t<\/div>\n\t\t\t\t<\/div>\n\t\t\t\t<div class=\"elementor-element elementor-element-90ca3a4 elementor-widget elementor-widget-text-editor\" data-id=\"90ca3a4\" data-element_type=\"widget\" data-e-type=\"widget\" data-widget_type=\"text-editor.default\">\n\t\t\t\t<div class=\"elementor-widget-container\">\n\t\t\t\t\t\t\t\t\tLes donn\u00e9es recueillies nous permettent de traiter votre demande de mise en relation avec CENTRALPAY et de vous contacter pur vous fournir des informations relatives aux services propos\u00e9s par CENTRALPAY.\t\t\t\t\t\t\t\t<\/div>\n\t\t\t\t<\/div>\n\t\t\t\t<\/div>\n\t\t\t\t\t<\/div>\n\t\t\t\t<\/div>\n\t\t<div class=\"elementor-element elementor-element-080c9fb e-flex e-con-boxed e-con e-parent\" data-id=\"080c9fb\" data-element_type=\"container\" data-e-type=\"container\" data-settings=\"{&quot;background_background&quot;:&quot;classic&quot;}\">\n\t\t\t\t\t<div class=\"e-con-inner\">\n\t\t<div class=\"elementor-element elementor-element-c07c609 e-con-full e-flex e-con e-child\" data-id=\"c07c609\" data-element_type=\"container\" data-e-type=\"container\">\n\t\t\t\t<div class=\"elementor-element elementor-element-dc66181 elementor-widget elementor-widget-heading\" data-id=\"dc66181\" data-element_type=\"widget\" data-e-type=\"widget\" data-widget_type=\"heading.default\">\n\t\t\t\t<div class=\"elementor-widget-container\">\n\t\t\t\t\t<h2 class=\"elementor-heading-title elementor-size-default\">Destinataire des donn\u00e9es<\/h2>\t\t\t\t<\/div>\n\t\t\t\t<\/div>\n\t\t\t\t<div class=\"elementor-element elementor-element-9839e45 elementor-widget elementor-widget-text-editor\" data-id=\"9839e45\" data-element_type=\"widget\" data-e-type=\"widget\" data-widget_type=\"text-editor.default\">\n\t\t\t\t<div class=\"elementor-widget-container\">\n\t\t\t\t\t\t\t\t\tLe destinataire des donn\u00e9es est la soci\u00e9t\u00e9 CENTRALPAY et sa maison m\u00e8re fran\u00e7aise, la soci\u00e9t\u00e9 INNOVEST.\n<br>\nVos donn\u00e9es personnelles ne seront pas transf\u00e9r\u00e9es en dehors de l\u2019Union Europ\u00e9enne.\t\t\t\t\t\t\t\t<\/div>\n\t\t\t\t<\/div>\n\t\t\t\t<\/div>\n\t\t\t\t\t<\/div>\n\t\t\t\t<\/div>\n\t\t<div class=\"elementor-element elementor-element-bc38cb4 e-flex e-con-boxed e-con e-parent\" data-id=\"bc38cb4\" data-element_type=\"container\" data-e-type=\"container\" data-settings=\"{&quot;background_background&quot;:&quot;classic&quot;}\">\n\t\t\t\t\t<div class=\"e-con-inner\">\n\t\t<div class=\"elementor-element elementor-element-d97b723 e-con-full e-flex e-con e-child\" data-id=\"d97b723\" data-element_type=\"container\" data-e-type=\"container\">\n\t\t\t\t<div class=\"elementor-element elementor-element-f69f9d2 elementor-widget elementor-widget-heading\" data-id=\"f69f9d2\" data-element_type=\"widget\" data-e-type=\"widget\" data-widget_type=\"heading.default\">\n\t\t\t\t<div class=\"elementor-widget-container\">\n\t\t\t\t\t<h2 class=\"elementor-heading-title elementor-size-default\">Dur\u00e9e de conservation des donn\u00e9es<\/h2>\t\t\t\t<\/div>\n\t\t\t\t<\/div>\n\t\t\t\t<div class=\"elementor-element elementor-element-35d7578 elementor-widget elementor-widget-text-editor\" data-id=\"35d7578\" data-element_type=\"widget\" data-e-type=\"widget\" data-widget_type=\"text-editor.default\">\n\t\t\t\t<div class=\"elementor-widget-container\">\n\t\t\t\t\t\t\t\t\tNous conservons vos donn\u00e9es au maximum trois (3) ans apr\u00e8s le dernier \u00e9change avec le prospect ayant manifest\u00e9 un int\u00e9r\u00eat pour nos services.<br>\nSi vous devenez client de CENTRALPAY, nous conserverons vos donn\u00e9es pendant la dur\u00e9e n\u00e9cessaire \u00e0 la gestion de la relation client et du respect de nos obligations l\u00e9gales.\t\t\t\t\t\t\t\t<\/div>\n\t\t\t\t<\/div>\n\t\t\t\t<\/div>\n\t\t\t\t\t<\/div>\n\t\t\t\t<\/div>\n\t\t<div class=\"elementor-element elementor-element-571a25e e-flex e-con-boxed e-con e-parent\" data-id=\"571a25e\" data-element_type=\"container\" data-e-type=\"container\" data-settings=\"{&quot;background_background&quot;:&quot;classic&quot;}\">\n\t\t\t\t\t<div class=\"e-con-inner\">\n\t\t<div class=\"elementor-element elementor-element-15d9a04 e-con-full e-flex e-con e-child\" data-id=\"15d9a04\" data-element_type=\"container\" data-e-type=\"container\">\n\t\t\t\t<div class=\"elementor-element elementor-element-ad6d075 elementor-widget elementor-widget-heading\" data-id=\"ad6d075\" data-element_type=\"widget\" data-e-type=\"widget\" data-widget_type=\"heading.default\">\n\t\t\t\t<div class=\"elementor-widget-container\">\n\t\t\t\t\t<h2 class=\"elementor-heading-title elementor-size-default\">Droit des personnes concern\u00e9es<\/h2>\t\t\t\t<\/div>\n\t\t\t\t<\/div>\n\t\t\t\t<div class=\"elementor-element elementor-element-b5d06b0 elementor-widget elementor-widget-text-editor\" data-id=\"b5d06b0\" data-element_type=\"widget\" data-e-type=\"widget\" data-widget_type=\"text-editor.default\">\n\t\t\t\t<div class=\"elementor-widget-container\">\n\t\t\t\t\t\t\t\t\t<p>Vous disposez d\u2019un droit d\u2019acc\u00e8s, de rectification et d\u2019effacement de vos donn\u00e9es ou de limitation de leur traitement.<br \/>Vous disposez \u00e9galement du droit \u00e0 la portabilit\u00e9 de vos donn\u00e9es.<br \/>Vous pouvez \u00e9galement vous opposer, pour des motifs l\u00e9gitimes, \u00e0 ce que vos donn\u00e9es personnelles soient trait\u00e9es ou conserv\u00e9es dans nos fichiers.<br \/>Vous pouvez exercer ces droits en adressant un email \u00e0 <a href=\"mailto:dp*@********ay.eu\" data-original-string=\"15wYy1PJBRJbKcuytQg0jw==ec7jAR8nh\/LG+VBmAIX\/f08bWP+IVnSQ67rKTMfIV3btvU=\" title=\"This contact has been encoded by Anti-Spam by CleanTalk. Click to decode. To finish the decoding make sure that JavaScript is enabled in your browser.\"><span \n                data-original-string='0hjqR0C2aDuv9R0j0kMEUg==ec7ftUW+Nf+PNLDEtckaZKrs6XNuR3qC+vBlY97XLAhw1o='\n                class='apbct-email-encoder'\n                title='This contact has been encoded by Anti-Spam by CleanTalk. Click to decode. To finish the decoding make sure that JavaScript is enabled in your browser.'>dp<span class=\"apbct-blur\">*<\/span>@<span class=\"apbct-blur\">********<\/span>ay.eu<\/span><\/a> ou par voie postale \u00e0 l\u2019adresse : CentralPay \u2013 19 rue Edouard vaillant \u2013 37000 Tours.<br \/>Vous pouvez \u00e9galement, \u00e0 tout moment et sans frais, sans avoir \u00e0 motiver votre demande, vous opposer \u00e0 ce que vos donn\u00e9es soient utilis\u00e9es \u00e0 des fins de prospection commerciale.<br \/>Si, pour quelque raison que ce soit, vous consid\u00e9rez que notre r\u00e9ponse n\u2019est pas satisfaisante, vous pouvez introduire une r\u00e9clamation aupr\u00e8s de la Commission Nationale de l&#8217;Informatique et des Libert\u00e9s (CNIL) ; site internet : <a href=\"https:\/\/cnil.fr\/fr\" target=\"_blank\" rel=\"noopener\">cnil.fr<\/a>.<\/p>\t\t\t\t\t\t\t\t<\/div>\n\t\t\t\t<\/div>\n\t\t\t\t<\/div>\n\t\t\t\t\t<\/div>\n\t\t\t\t<\/div>\n\t\t<div class=\"elementor-element elementor-element-7d6fb11 e-flex e-con-boxed e-con e-parent\" data-id=\"7d6fb11\" data-element_type=\"container\" data-e-type=\"container\" data-settings=\"{&quot;background_background&quot;:&quot;classic&quot;}\">\n\t\t\t\t\t<div class=\"e-con-inner\">\n\t\t<div class=\"elementor-element elementor-element-8372779 e-con-full e-flex e-con e-child\" data-id=\"8372779\" data-element_type=\"container\" data-e-type=\"container\">\n\t\t\t\t<div class=\"elementor-element elementor-element-7aeebf0 elementor-widget elementor-widget-heading\" data-id=\"7aeebf0\" data-element_type=\"widget\" data-e-type=\"widget\" data-widget_type=\"heading.default\">\n\t\t\t\t<div class=\"elementor-widget-container\">\n\t\t\t\t\t<h2 class=\"elementor-heading-title elementor-size-default\">Modification de la politique de confidentialit\u00e9<\/h2>\t\t\t\t<\/div>\n\t\t\t\t<\/div>\n\t\t\t\t<div class=\"elementor-element elementor-element-2a15ee4 elementor-widget elementor-widget-text-editor\" data-id=\"2a15ee4\" data-element_type=\"widget\" data-e-type=\"widget\" data-widget_type=\"text-editor.default\">\n\t\t\t\t<div class=\"elementor-widget-container\">\n\t\t\t\t\t\t\t\t\tCENTRALPAY peut \u00eatre amen\u00e9e \u00e0 modifier sa politique de confidentialit\u00e9 \u00e0 tout moment \u00e0 son enti\u00e8re discr\u00e9tion. La version en vigueur sera la version pr\u00e9sente sur le site internet au moment o\u00f9 l\u2019utilisateur se connectera au site.\t\t\t\t\t\t\t\t<\/div>\n\t\t\t\t<\/div>\n\t\t\t\t<\/div>\n\t\t\t\t\t<\/div>\n\t\t\t\t<\/div>\n\t\t<div class=\"elementor-element elementor-element-231f0c1 e-flex e-con-boxed e-con e-parent\" data-id=\"231f0c1\" data-element_type=\"container\" data-e-type=\"container\" data-settings=\"{&quot;background_background&quot;:&quot;classic&quot;}\">\n\t\t\t\t\t<div class=\"e-con-inner\">\n\t\t<div class=\"elementor-element elementor-element-ad577be e-con-full e-flex e-con e-child\" data-id=\"ad577be\" data-element_type=\"container\" data-e-type=\"container\">\n\t\t\t\t<div class=\"elementor-element elementor-element-a171c23 elementor-widget elementor-widget-heading\" data-id=\"a171c23\" data-element_type=\"widget\" data-e-type=\"widget\" data-widget_type=\"heading.default\">\n\t\t\t\t<div class=\"elementor-widget-container\">\n\t\t\t\t\t<h2 class=\"elementor-heading-title elementor-size-default\">Contact<\/h2>\t\t\t\t<\/div>\n\t\t\t\t<\/div>\n\t\t\t\t<div class=\"elementor-element elementor-element-c1c8763 elementor-widget elementor-widget-text-editor\" data-id=\"c1c8763\" data-element_type=\"widget\" data-e-type=\"widget\" data-widget_type=\"text-editor.default\">\n\t\t\t\t<div class=\"elementor-widget-container\">\n\t\t\t\t\t\t\t\t\tPour toutes questions, vous pouvez contacter notre D\u00e9l\u00e9gu\u00e9 \u00e0 la protection des donn\u00e9es (DPO) \u00e0 l\u2019adresse suivante\u00a0: <a href=\"mailto:dp*@********ay.eu\" data-original-string=\"jXV9zrrwRCpTZW4lvexbDg==ec72l0xsqIIMRwLvbpUoRT+d3B7ipC+Y7DQhk7hGH9XjlY=\" title=\"This contact has been encoded by Anti-Spam by CleanTalk. Click to decode. To finish the decoding make sure that JavaScript is enabled in your browser.\"><span \n                data-original-string='rwj2Z6iCSt4qyS+g+D8Zqw==ec7NbUjcWhe\/qIxvAjmuWySeZOWujNcxcTKisfX30Z9SmY='\n                class='apbct-email-encoder'\n                title='This contact has been encoded by Anti-Spam by CleanTalk. Click to decode. To finish the decoding make sure that JavaScript is enabled in your browser.'>dp<span class=\"apbct-blur\">*<\/span>@<span class=\"apbct-blur\">********<\/span>ay.eu<\/span><\/a>.\t\t\t\t\t\t\t\t<\/div>\n\t\t\t\t<\/div>\n\t\t\t\t<\/div>\n\t\t\t\t\t<\/div>\n\t\t\t\t<\/div>\n\t\t\t\t<\/div>\n\t\t","protected":false},"excerpt":{"rendered":"<p>Politique de confidentialit\u00e9 La pr\u00e9sente politique de confidentialit\u00e9 d\u00e9finit les modalit\u00e9s de traitement des donn\u00e9es personnelles collect\u00e9es sur le site internet de CENTRALPAY. En utilisant notre site, vous reconnaissez que vous avez lu et que vous acceptez cette politique de confidentialit\u00e9 et que vous autorisez CENTRALPAY \u00e0 utiliser vos donn\u00e9es personnelles comme indiqu\u00e9 ci-apr\u00e8s. \u00c0 d\u00e9faut, veuillez ne pas continuer &hellip;<\/p>\n","protected":false},"author":1,"featured_media":0,"parent":0,"menu_order":23,"comment_status":"closed","ping_status":"open","template":"blank-builder.php","meta":{"_acf_changed":false,"footnotes":""},"class_list":["post-3","page","type-page","status-publish","hentry"],"acf":[],"_links":{"self":[{"href":"https:\/\/www.centralpay.com\/fr\/wp-json\/wp\/v2\/pages\/3","targetHints":{"allow":["GET"]}}],"collection":[{"href":"https:\/\/www.centralpay.com\/fr\/wp-json\/wp\/v2\/pages"}],"about":[{"href":"https:\/\/www.centralpay.com\/fr\/wp-json\/wp\/v2\/types\/page"}],"author":[{"embeddable":true,"href":"https:\/\/www.centralpay.com\/fr\/wp-json\/wp\/v2\/users\/1"}],"replies":[{"embeddable":true,"href":"https:\/\/www.centralpay.com\/fr\/wp-json\/wp\/v2\/comments?post=3"}],"version-history":[{"count":9,"href":"https:\/\/www.centralpay.com\/fr\/wp-json\/wp\/v2\/pages\/3\/revisions"}],"predecessor-version":[{"id":60059,"href":"https:\/\/www.centralpay.com\/fr\/wp-json\/wp\/v2\/pages\/3\/revisions\/60059"}],"wp:attachment":[{"href":"https:\/\/www.centralpay.com\/fr\/wp-json\/wp\/v2\/media?parent=3"}],"curies":[{"name":"wp","href":"https:\/\/api.w.org\/{rel}","templated":true}]}}