{"id":19953,"date":"2023-04-24T11:25:53","date_gmt":"2023-04-24T09:25:53","guid":{"rendered":"https:\/\/test.centralpay.eu\/legal-information\/"},"modified":"2026-03-16T10:13:15","modified_gmt":"2026-03-16T09:13:15","slug":"legal-notice","status":"publish","type":"page","link":"https:\/\/www.centralpay.com\/en\/legal-notice\/","title":{"rendered":"Legal notices"},"content":{"rendered":"\t\t<div data-elementor-type=\"wp-page\" data-elementor-id=\"19953\" class=\"elementor elementor-19953 elementor-6749\" data-elementor-post-type=\"page\">\n\t\t\t\t<div class=\"elementor-element elementor-element-a56a18e e-flex e-con-boxed e-con e-parent\" data-id=\"a56a18e\" data-element_type=\"container\" data-e-type=\"container\" data-settings=\"{&quot;background_background&quot;:&quot;classic&quot;}\">\n\t\t\t\t\t<div class=\"e-con-inner\">\n\t\t<div class=\"elementor-element elementor-element-d105c81 e-flex e-con-boxed e-con e-child\" data-id=\"d105c81\" data-element_type=\"container\" data-e-type=\"container\">\n\t\t\t\t\t<div class=\"e-con-inner\">\n\t\t\t\t<div class=\"elementor-element elementor-element-95c9085 elementor-widget__width-initial elementor-widget-mobile__width-inherit elementor-widget elementor-widget-iteck-heading\" data-id=\"95c9085\" data-element_type=\"widget\" data-e-type=\"widget\" data-widget_type=\"iteck-heading.default\">\n\t\t\t\t<div class=\"elementor-widget-container\">\n\t\t\t\t\t<h1 class=\"iteck-heading iteck-additional-color\"><span>Legal notices<\/span><\/h1>\t\t\t\t<\/div>\n\t\t\t\t<\/div>\n\t\t\t\t<div class=\"elementor-element elementor-element-73dd07b elementor-widget__width-initial elementor-widget-mobile__width-inherit elementor-widget elementor-widget-text-editor\" data-id=\"73dd07b\" data-element_type=\"widget\" data-e-type=\"widget\" data-widget_type=\"text-editor.default\">\n\t\t\t\t<div class=\"elementor-widget-container\">\n\t\t\t\t\t\t\t\t\tYou are currently connected to the &#8220;https:\/\/www.centralpay.com&#8221; website\nwhich is the exclusive property of CENTRALPAY. \t\t\t\t\t\t\t\t<\/div>\n\t\t\t\t<\/div>\n\t\t\t\t\t<\/div>\n\t\t\t\t<\/div>\n\t\t\t\t\t<\/div>\n\t\t\t\t<\/div>\n\t\t<div class=\"elementor-element elementor-element-137d70c e-flex e-con-boxed e-con e-parent\" data-id=\"137d70c\" data-element_type=\"container\" data-e-type=\"container\" data-settings=\"{&quot;background_background&quot;:&quot;classic&quot;}\">\n\t\t\t\t\t<div class=\"e-con-inner\">\n\t\t<div class=\"elementor-element elementor-element-1d24dd1 e-con-full e-flex e-con e-child\" data-id=\"1d24dd1\" data-element_type=\"container\" data-e-type=\"container\">\n\t\t\t\t<div class=\"elementor-element elementor-element-863e7a6 elementor-widget elementor-widget-heading\" data-id=\"863e7a6\" data-element_type=\"widget\" data-e-type=\"widget\" data-widget_type=\"heading.default\">\n\t\t\t\t<div class=\"elementor-widget-container\">\n\t\t\t\t\t<h2 class=\"elementor-heading-title elementor-size-default\">Site owner and publisher<\/h2>\t\t\t\t<\/div>\n\t\t\t\t<\/div>\n\t\t\t\t<div class=\"elementor-element elementor-element-f61bada elementor-widget elementor-widget-text-editor\" data-id=\"f61bada\" data-element_type=\"widget\" data-e-type=\"widget\" data-widget_type=\"text-editor.default\">\n\t\t\t\t<div class=\"elementor-widget-container\">\n\t\t\t\t\t\t\t\t\t<p>Company Name: <strong>CENTRALPAY<\/strong><br>Legal Form: Simplified Joint-Stock Company (SAS)<br>Registration Number: 442441630 R.C.S Tours<br>Intra-Community VAT Number: FR85442441630<br>Share Capital: \u20ac1,443,750<br>Registered Office: 19 rue Edouard Vaillant, 37000 Tours, France<br>Telephone: +33 (0)2 47 68 48 69<br>Email: <span \n                data-original-string='V1TzAPDCtyH90zvkiMTbnw==ec7RuD+8yp+BJDgrhjozVCmv47C14duROzLiFqpLBamu\/Q='\n                class='apbct-email-encoder'\n                title='This contact has been encoded by Anti-Spam by CleanTalk. Click to decode. To finish the decoding make sure that JavaScript is enabled in your browser.'>co<span class=\"apbct-blur\">*****<\/span>@<span class=\"apbct-blur\">********<\/span>ay.eu<\/span><br>Publishing Director: Mr. Guillaume Ponsard, Chairman<\/p>\t\t\t\t\t\t\t\t<\/div>\n\t\t\t\t<\/div>\n\t\t\t\t<\/div>\n\t\t\t\t\t<\/div>\n\t\t\t\t<\/div>\n\t\t<div class=\"elementor-element elementor-element-a99bc8f e-flex e-con-boxed e-con e-parent\" data-id=\"a99bc8f\" data-element_type=\"container\" data-e-type=\"container\" data-settings=\"{&quot;background_background&quot;:&quot;classic&quot;}\">\n\t\t\t\t\t<div class=\"e-con-inner\">\n\t\t<div class=\"elementor-element elementor-element-b7228e5 e-con-full e-flex e-con e-child\" data-id=\"b7228e5\" data-element_type=\"container\" data-e-type=\"container\">\n\t\t\t\t<div class=\"elementor-element elementor-element-8dbda87 elementor-widget elementor-widget-heading\" data-id=\"8dbda87\" data-element_type=\"widget\" data-e-type=\"widget\" data-widget_type=\"heading.default\">\n\t\t\t\t<div class=\"elementor-widget-container\">\n\t\t\t\t\t<h2 class=\"elementor-heading-title elementor-size-default\">Site host<\/h2>\t\t\t\t<\/div>\n\t\t\t\t<\/div>\n\t\t\t\t<div class=\"elementor-element elementor-element-087deb1 elementor-widget elementor-widget-text-editor\" data-id=\"087deb1\" data-element_type=\"widget\" data-e-type=\"widget\" data-widget_type=\"text-editor.default\">\n\t\t\t\t<div class=\"elementor-widget-container\">\n\t\t\t\t\t\t\t\t\t<p>Company Name: <strong>Dyjix SAS<\/strong><br>149 avenue du Maine &#8211; 75014 Paris<br>Legal Status: Simplified Joint-Stock Company with a capital of \u20ac1,020<br>SIREN: 909 519 191<br>SIRET: 909 519 191 000 11<br>VAT Number: FR62909519191<br>Publication Manager: Axel HAUGUEL (President)<br>Website: www.dyjix.eu<br>Telephone: +33 (9) 72 10 10 07<\/p>\t\t\t\t\t\t\t\t<\/div>\n\t\t\t\t<\/div>\n\t\t\t\t<\/div>\n\t\t<div class=\"elementor-element elementor-element-4072c34 e-con-full e-flex e-con e-child\" data-id=\"4072c34\" data-element_type=\"container\" data-e-type=\"container\">\n\t\t\t\t<div class=\"elementor-element elementor-element-4f378fb elementor-widget elementor-widget-heading\" data-id=\"4f378fb\" data-element_type=\"widget\" data-e-type=\"widget\" data-widget_type=\"heading.default\">\n\t\t\t\t<div class=\"elementor-widget-container\">\n\t\t\t\t\t<h2 class=\"elementor-heading-title elementor-size-default\">Regulatory information<\/h2>\t\t\t\t<\/div>\n\t\t\t\t<\/div>\n\t\t\t\t<div class=\"elementor-element elementor-element-23041e5 elementor-widget elementor-widget-text-editor\" data-id=\"23041e5\" data-element_type=\"widget\" data-e-type=\"widget\" data-widget_type=\"text-editor.default\">\n\t\t\t\t<div class=\"elementor-widget-container\">\n\t\t\t\t\t\t\t\t\t<p>CentralPay is an Electronic Money Institution authorized in France and supervised by the ACPR (Autorit\u00e9 de Contr\u00f4le Prudentiel et de R\u00e9solution, 4 place de Budapest &#8211; CS 92459 &#8211; 75436 PARIS Cedex 09) (CIB 17138).<br><a href=\"https:\/\/www.regafi.fr\/spip.php?type=simple&amp;id_secteur=1&amp;lang=fr&amp;denomination=centralpay&amp;page=af&amp;id=4960\" target=\"_blank\" rel=\"nofollow noopener\">Regafi registration<\/a><\/p><p>Texts:<br>&#8211; <a href=\"https:\/\/www.legifrance.gouv.fr\/loda\/article_lc\/LEGIARTI000049571761\" target=\"_blank\" rel=\"noopener\">Law No. 2004-575 of June 21, 2004, Art. 6, III<\/a><br>&#8211; Monetary and Financial Code (CMF): <a href=\"https:\/\/www.legifrance.gouv.fr\/codes\/article_lc\/LEGIARTI000050370344\" target=\"_blank\" rel=\"noopener\">art. L.525-1 et seq. <\/a> ; <a href=\"https:\/\/www.legifrance.gouv.fr\/codes\/article_lc\/LEGIARTI000035430719\" target=\"_blank\" rel=\"noopener\">art. L.522-6 et seq.<\/a><br>&#8211; Monetary and Financial Code (CMF): <a href=\"https:\/\/www.legifrance.gouv.fr\/codes\/article_lc\/LEGIARTI000051557862#:~:text=%2DL&#039;Autorit%C3%A9%20de%20contr%C3%B4le%20prudentiel,personnes%20soumises%20%C3%A0%20son%20contr%C3%B4le.\" target=\"_blank\" rel=\"noopener\">art. L.612-1 <\/a> (recourse to a mediator)<br>&#8211; Monetary and Financial Code (CMF): <a href=\"https:\/\/www.legifrance.gouv.fr\/codes\/article_lc\/LEGIARTI000037294471\" target=\"_blank\" rel=\"noopener\">art. L.314-5 et seq. <\/a> (Disputes)<br>&#8211; <a href=\"https:\/\/eur-lex.europa.eu\/legal-content\/FR\/ALL\/?uri=celex%3A32009L0110\" target=\"_blank\" rel=\"noopener\">Directive 2009\/110\/EC (EMD2)<\/a><br>&#8211; <a href=\"https:\/\/eur-lex.europa.eu\/eli\/dir\/2015\/2366\/oj?locale=fr\" target=\"_blank\" rel=\"noopener\">Directive (EU) 2015\/2366 (PSD2)<\/a><br>&#8211; <a href=\"https:\/\/eur-lex.europa.eu\/eli\/reg\/2016\/679\/oj?locale=fr\" target=\"_blank\" rel=\"noopener\">GDPR (EU) 2016\/679<\/a> and <a href=\"https:\/\/www.legifrance.gouv.fr\/loda\/id\/JORFTEXT000000886460\" target=\"_blank\" rel=\"noopener\">French Data Protection Act<\/a><\/p>\t\t\t\t\t\t\t\t<\/div>\n\t\t\t\t<\/div>\n\t\t\t\t<\/div>\n\t\t\t\t\t<\/div>\n\t\t\t\t<\/div>\n\t\t\t\t<\/div>\n\t\t","protected":false},"excerpt":{"rendered":"<p>Legal notices You are currently connected to the &#8220;https:\/\/www.centralpay.com&#8221; website which is the exclusive property of CENTRALPAY. Site owner and publisher Company Name: CENTRALPAYLegal Form: Simplified Joint-Stock Company (SAS)Registration Number: 442441630 R.C.S ToursIntra-Community VAT Number: FR85442441630Share Capital: \u20ac1,443,750Registered Office: 19 rue Edouard Vaillant, 37000 Tours, FranceTelephone: +33 (0)2 47 68 48 69Email: co*****@********ay.euPublishing Director: Mr. Guillaume Ponsard, Chairman Site host &hellip;<\/p>\n","protected":false},"author":1,"featured_media":0,"parent":0,"menu_order":21,"comment_status":"closed","ping_status":"closed","template":"blank-builder.php","meta":{"_acf_changed":false,"footnotes":""},"class_list":["post-19953","page","type-page","status-publish","hentry"],"acf":[],"_links":{"self":[{"href":"https:\/\/www.centralpay.com\/en\/wp-json\/wp\/v2\/pages\/19953","targetHints":{"allow":["GET"]}}],"collection":[{"href":"https:\/\/www.centralpay.com\/en\/wp-json\/wp\/v2\/pages"}],"about":[{"href":"https:\/\/www.centralpay.com\/en\/wp-json\/wp\/v2\/types\/page"}],"author":[{"embeddable":true,"href":"https:\/\/www.centralpay.com\/en\/wp-json\/wp\/v2\/users\/1"}],"replies":[{"embeddable":true,"href":"https:\/\/www.centralpay.com\/en\/wp-json\/wp\/v2\/comments?post=19953"}],"version-history":[{"count":4,"href":"https:\/\/www.centralpay.com\/en\/wp-json\/wp\/v2\/pages\/19953\/revisions"}],"predecessor-version":[{"id":62178,"href":"https:\/\/www.centralpay.com\/en\/wp-json\/wp\/v2\/pages\/19953\/revisions\/62178"}],"wp:attachment":[{"href":"https:\/\/www.centralpay.com\/en\/wp-json\/wp\/v2\/media?parent=19953"}],"curies":[{"name":"wp","href":"https:\/\/api.w.org\/{rel}","templated":true}]}}