{"id":19935,"date":"2023-04-20T11:22:53","date_gmt":"2023-04-20T09:22:53","guid":{"rendered":"https:\/\/test.centralpay.eu\/web-integration-examples\/"},"modified":"2025-07-17T14:36:33","modified_gmt":"2025-07-17T12:36:33","slug":"payment-form-example","status":"publish","type":"page","link":"https:\/\/www.centralpay.com\/en\/payment-institution\/payment-form-example\/","title":{"rendered":"Payment form examples"},"content":{"rendered":"\t\t<div data-elementor-type=\"wp-page\" data-elementor-id=\"19935\" class=\"elementor elementor-19935 elementor-6263\" data-elementor-post-type=\"page\">\n\t\t\t\t\t\t<section class=\"elementor-section elementor-top-section elementor-element elementor-element-ab5eece section-overflow elementor-section-boxed elementor-section-height-default elementor-section-height-default\" data-id=\"ab5eece\" data-element_type=\"section\" data-e-type=\"section\">\n\t\t\t\t\t\t<div class=\"elementor-container elementor-column-gap-no\">\n\t\t\t\t\t<div class=\"elementor-column elementor-col-100 elementor-top-column elementor-element elementor-element-cadfcba\" data-id=\"cadfcba\" data-element_type=\"column\" data-e-type=\"column\">\n\t\t\t<div class=\"elementor-widget-wrap elementor-element-populated\">\n\t\t\t\t\t\t<div class=\"elementor-element elementor-element-5d11e49 elementor-widget elementor-widget-heading\" data-id=\"5d11e49\" data-element_type=\"widget\" data-e-type=\"widget\" data-widget_type=\"heading.default\">\n\t\t\t\t<div class=\"elementor-widget-container\">\n\t\t\t\t\t<h1 class=\"elementor-heading-title elementor-size-default\">Example of an online payment form,\n<br>hosted or integrated<\/h1>\t\t\t\t<\/div>\n\t\t\t\t<\/div>\n\t\t\t\t\t<\/div>\n\t\t<\/div>\n\t\t\t\t\t<\/div>\n\t\t<\/section>\n\t\t\t\t<section class=\"elementor-section elementor-top-section elementor-element elementor-element-287fa23 overflow-hidden elementor-section-boxed elementor-section-height-default elementor-section-height-default\" data-id=\"287fa23\" data-element_type=\"section\" data-e-type=\"section\">\n\t\t\t\t\t\t<div class=\"elementor-container elementor-column-gap-default\">\n\t\t\t\t\t<div class=\"elementor-column elementor-col-100 elementor-top-column elementor-element elementor-element-009a218\" data-id=\"009a218\" data-element_type=\"column\" data-e-type=\"column\">\n\t\t\t<div class=\"elementor-widget-wrap elementor-element-populated\">\n\t\t\t\t\t\t<section class=\"elementor-section elementor-inner-section elementor-element elementor-element-afa1d20 elementor-reverse-tablet elementor-reverse-mobile elementor-section-boxed elementor-section-height-default elementor-section-height-default\" data-id=\"afa1d20\" data-element_type=\"section\" data-e-type=\"section\">\n\t\t\t\t\t\t<div class=\"elementor-container elementor-column-gap-default\">\n\t\t\t\t\t<div class=\"elementor-column elementor-col-50 elementor-inner-column elementor-element elementor-element-f473f67\" data-id=\"f473f67\" data-element_type=\"column\" data-e-type=\"column\">\n\t\t\t<div class=\"elementor-widget-wrap elementor-element-populated\">\n\t\t\t\t\t\t<div class=\"elementor-element elementor-element-4c1397c elementor-widget-tablet__width-inherit elementor-widget-mobile__width-inherit iteck-image-animation-none elementor-widget elementor-widget-iteck-image\" data-id=\"4c1397c\" data-element_type=\"widget\" data-e-type=\"widget\" data-widget_type=\"iteck-image.default\">\n\t\t\t\t<div class=\"elementor-widget-container\">\n\t\t\t\t\t\n\t\t<div class=\"iteck-image\">\n\n\t\t\t\t\t\t\t\t\t<div class=\"elementor-image\">\n\t\t\t\t\t\t\t\t\t\t\t\t\t\t\t\t<img fetchpriority=\"high\" decoding=\"async\" width=\"825\" height=\"661\" src=\"https:\/\/www.centralpay.com\/wp-content\/uploads\/2023\/06\/Fichier-1@2x-2.png\" class=\"attachment-full size-full wp-image-15341\" alt=\"page de paiement Smart Form : r\u00e9capitulatif de la transaction et choix du moyen de paiement\" \/>\t\t\t\t\t\t\t\t\t\t\t\t\t\t\t\t\t\t\t<\/div>\n\t\t\t\n\t\t<\/div>\n\n\t\t\t\t\t\t<\/div>\n\t\t\t\t<\/div>\n\t\t\t\t\t<\/div>\n\t\t<\/div>\n\t\t\t\t<div class=\"elementor-column elementor-col-50 elementor-inner-column elementor-element elementor-element-9219a1e\" data-id=\"9219a1e\" data-element_type=\"column\" data-e-type=\"column\">\n\t\t\t<div class=\"elementor-widget-wrap elementor-element-populated\">\n\t\t\t\t\t\t<div class=\"elementor-element elementor-element-b9cdec3 elementor-widget elementor-widget-text-editor\" data-id=\"b9cdec3\" data-element_type=\"widget\" data-e-type=\"widget\" data-widget_type=\"text-editor.default\">\n\t\t\t\t<div class=\"elementor-widget-container\">\n\t\t\t\t\t\t\t\t\tTurnkey\t\t\t\t\t\t\t\t<\/div>\n\t\t\t\t<\/div>\n\t\t\t\t<div class=\"elementor-element elementor-element-826011c elementor-widget elementor-widget-iteck-heading\" data-id=\"826011c\" data-element_type=\"widget\" data-e-type=\"widget\" data-widget_type=\"iteck-heading.default\">\n\t\t\t\t<div class=\"elementor-widget-container\">\n\t\t\t\t\t<h2 class=\"iteck-heading iteck-additional-color\">Smart Form<\/h2>\t\t\t\t<\/div>\n\t\t\t\t<\/div>\n\t\t\t\t<div class=\"elementor-element elementor-element-9f8603a elementor-widget elementor-widget-text-editor\" data-id=\"9f8603a\" data-element_type=\"widget\" data-e-type=\"widget\" data-widget_type=\"text-editor.default\">\n\t\t\t\t<div class=\"elementor-widget-container\">\n\t\t\t\t\t\t\t\t\t<p>The <a href=\"https:\/\/www.centralpay.com\/en\/solutions\/collection-solution\/payment-page\/\" data-wplink-edit=\"true\">Smart Form payment page<\/a> is a form that embeds the majority of CentralPay payment paths and methods. It&#8217;s optimized for all types of device, and integrates easily with just a few lines of code.<br><br style=\"margin-bottom: 10px;\">It opens as a pop-in or a new page before bringing the user back to your site once payment has been finalized.<\/p>\t\t\t\t\t\t\t\t<\/div>\n\t\t\t\t<\/div>\n\t\t\t\t\t<\/div>\n\t\t<\/div>\n\t\t\t\t\t<\/div>\n\t\t<\/section>\n\t\t\t\t\t<\/div>\n\t\t<\/div>\n\t\t\t\t\t<\/div>\n\t\t<\/section>\n\t\t<div class=\"elementor-element elementor-element-359ac5e e-flex e-con-boxed e-con e-parent\" data-id=\"359ac5e\" data-element_type=\"container\" data-e-type=\"container\" data-settings=\"{&quot;background_background&quot;:&quot;classic&quot;}\">\n\t\t\t\t\t<div class=\"e-con-inner\">\n\t\t<div class=\"elementor-element elementor-element-59a3ab4 e-con-full e-flex e-con e-child\" data-id=\"59a3ab4\" data-element_type=\"container\" data-e-type=\"container\" data-settings=\"{&quot;background_background&quot;:&quot;classic&quot;}\">\n\t\t<div class=\"elementor-element elementor-element-5f1c940 e-con-full e-flex e-con e-child\" data-id=\"5f1c940\" data-element_type=\"container\" data-e-type=\"container\">\n\t\t<div class=\"elementor-element elementor-element-2690a54 e-flex e-con-boxed e-con e-child\" data-id=\"2690a54\" data-element_type=\"container\" data-e-type=\"container\">\n\t\t\t\t\t<div class=\"e-con-inner\">\n\t\t\t\t<div class=\"elementor-element elementor-element-c3ad40e elementor-widget__width-inherit elementor-widget elementor-widget-iteck-heading\" data-id=\"c3ad40e\" data-element_type=\"widget\" data-e-type=\"widget\" data-widget_type=\"iteck-heading.default\">\n\t\t\t\t<div class=\"elementor-widget-container\">\n\t\t\t\t\t<h3 class=\"iteck-heading\">Examples of Smart Form online payment forms<\/h3>\t\t\t\t<\/div>\n\t\t\t\t<\/div>\n\t\t\t\t\t<\/div>\n\t\t\t\t<\/div>\n\t\t<div class=\"elementor-element elementor-element-fe78e39 e-flex e-con-boxed e-con e-child\" data-id=\"fe78e39\" data-element_type=\"container\" data-e-type=\"container\">\n\t\t\t\t\t<div class=\"e-con-inner\">\n\t\t<div class=\"elementor-element elementor-element-c52087b e-flex e-con-boxed e-con e-child\" data-id=\"c52087b\" data-element_type=\"container\" data-e-type=\"container\">\n\t\t\t\t\t<div class=\"e-con-inner\">\n\t\t\t\t<div class=\"elementor-element elementor-element-050ac68 elementor-widget__width-initial elementor-widget elementor-widget-text-editor\" data-id=\"050ac68\" data-element_type=\"widget\" data-e-type=\"widget\" data-widget_type=\"text-editor.default\">\n\t\t\t\t<div class=\"elementor-widget-container\">\n\t\t\t\t\t\t\t\t\t<p><strong>3DSecure 2.0 payment<\/strong><\/p>\t\t\t\t\t\t\t\t<\/div>\n\t\t\t\t<\/div>\n\t\t\t\t<div class=\"elementor-element elementor-element-f0d56e3 elementor-widget__width-initial elementor-widget elementor-widget-text-editor\" data-id=\"f0d56e3\" data-element_type=\"widget\" data-e-type=\"widget\" data-widget_type=\"text-editor.default\">\n\t\t\t\t<div class=\"elementor-widget-container\">\n\t\t\t\t\t\t\t\t\t<a href=\"https:\/\/example.centralpay.net\/push-and-pay\/single-payment-3ds\" target=\"_blank\" rel=\"noopener\">See example  &gt;<\/a>\t\t\t\t\t\t\t\t<\/div>\n\t\t\t\t<\/div>\n\t\t\t\t\t<\/div>\n\t\t\t\t<\/div>\n\t\t<div class=\"elementor-element elementor-element-d4f530c e-flex e-con-boxed e-con e-child\" data-id=\"d4f530c\" data-element_type=\"container\" data-e-type=\"container\">\n\t\t\t\t\t<div class=\"e-con-inner\">\n\t\t\t\t<div class=\"elementor-element elementor-element-d6bccc8 elementor-widget__width-initial elementor-widget elementor-widget-text-editor\" data-id=\"d6bccc8\" data-element_type=\"widget\" data-e-type=\"widget\" data-widget_type=\"text-editor.default\">\n\t\t\t\t<div class=\"elementor-widget-container\">\n\t\t\t\t\t\t\t\t\t<p><strong>Payment<br>multi-participants<br><\/strong><\/p>\t\t\t\t\t\t\t\t<\/div>\n\t\t\t\t<\/div>\n\t\t\t\t<div class=\"elementor-element elementor-element-d6b7814 elementor-widget__width-initial elementor-widget elementor-widget-text-editor\" data-id=\"d6b7814\" data-element_type=\"widget\" data-e-type=\"widget\" data-widget_type=\"text-editor.default\">\n\t\t\t\t<div class=\"elementor-widget-container\">\n\t\t\t\t\t\t\t\t\t<a href=\"https:\/\/example.centralpay.net\/push-and-pay\/payment-with-many-customer\" target=\"_blank\" rel=\"noopener\">See example  &gt;<\/a>\t\t\t\t\t\t\t\t<\/div>\n\t\t\t\t<\/div>\n\t\t\t\t\t<\/div>\n\t\t\t\t<\/div>\n\t\t<div class=\"elementor-element elementor-element-1a768ed e-flex e-con-boxed e-con e-child\" data-id=\"1a768ed\" data-element_type=\"container\" data-e-type=\"container\">\n\t\t\t\t\t<div class=\"e-con-inner\">\n\t\t\t\t<div class=\"elementor-element elementor-element-ac1e378 elementor-widget__width-initial elementor-widget elementor-widget-text-editor\" data-id=\"ac1e378\" data-element_type=\"widget\" data-e-type=\"widget\" data-widget_type=\"text-editor.default\">\n\t\t\t\t<div class=\"elementor-widget-container\">\n\t\t\t\t\t\t\t\t\t<p><strong>Payment<br>by subscription<br><\/strong><\/p>\t\t\t\t\t\t\t\t<\/div>\n\t\t\t\t<\/div>\n\t\t\t\t<div class=\"elementor-element elementor-element-fa33155 elementor-widget__width-initial elementor-widget elementor-widget-text-editor\" data-id=\"fa33155\" data-element_type=\"widget\" data-e-type=\"widget\" data-widget_type=\"text-editor.default\">\n\t\t\t\t<div class=\"elementor-widget-container\">\n\t\t\t\t\t\t\t\t\t<a href=\"https:\/\/example.centralpay.net\/push-and-pay\/payment-with-subscription\" target=\"_blank\" rel=\"noopener\">See example  &gt;<\/a>\t\t\t\t\t\t\t\t<\/div>\n\t\t\t\t<\/div>\n\t\t\t\t\t<\/div>\n\t\t\t\t<\/div>\n\t\t<div class=\"elementor-element elementor-element-91639b6 e-flex e-con-boxed e-con e-child\" data-id=\"91639b6\" data-element_type=\"container\" data-e-type=\"container\">\n\t\t\t\t\t<div class=\"e-con-inner\">\n\t\t\t\t<div class=\"elementor-element elementor-element-4534c18 elementor-widget__width-initial elementor-widget elementor-widget-text-editor\" data-id=\"4534c18\" data-element_type=\"widget\" data-e-type=\"widget\" data-widget_type=\"text-editor.default\">\n\t\t\t\t<div class=\"elementor-widget-container\">\n\t\t\t\t\t\t\t\t\t<p><strong>Installment payment<br><\/strong><\/p>\t\t\t\t\t\t\t\t<\/div>\n\t\t\t\t<\/div>\n\t\t\t\t<div class=\"elementor-element elementor-element-f07ab9f elementor-widget__width-initial elementor-widget elementor-widget-text-editor\" data-id=\"f07ab9f\" data-element_type=\"widget\" data-e-type=\"widget\" data-widget_type=\"text-editor.default\">\n\t\t\t\t<div class=\"elementor-widget-container\">\n\t\t\t\t\t\t\t\t\t<a href=\"https:\/\/example.centralpay.net\/push-and-pay\/payment-with-installment\" target=\"_blank\" rel=\"noopener\">See example  &gt;<\/a>\t\t\t\t\t\t\t\t<\/div>\n\t\t\t\t<\/div>\n\t\t\t\t\t<\/div>\n\t\t\t\t<\/div>\n\t\t<div class=\"elementor-element elementor-element-e4f607f e-flex e-con-boxed e-con e-child\" data-id=\"e4f607f\" data-element_type=\"container\" data-e-type=\"container\">\n\t\t\t\t\t<div class=\"e-con-inner\">\n\t\t\t\t<div class=\"elementor-element elementor-element-edc1e90 elementor-widget__width-initial elementor-widget elementor-widget-text-editor\" data-id=\"edc1e90\" data-element_type=\"widget\" data-e-type=\"widget\" data-widget_type=\"text-editor.default\">\n\t\t\t\t<div class=\"elementor-widget-container\">\n\t\t\t\t\t\t\t\t\t<p><strong>Multi-cards <br><\/strong><\/p>\t\t\t\t\t\t\t\t<\/div>\n\t\t\t\t<\/div>\n\t\t\t\t<div class=\"elementor-element elementor-element-0c28c06 elementor-widget__width-initial elementor-widget elementor-widget-text-editor\" data-id=\"0c28c06\" data-element_type=\"widget\" data-e-type=\"widget\" data-widget_type=\"text-editor.default\">\n\t\t\t\t<div class=\"elementor-widget-container\">\n\t\t\t\t\t\t\t\t\t<a href=\"https:\/\/example.centralpay.net\/push-and-pay\/multiple-payment-methods\" target=\"_blank\" rel=\"noopener\">See example  &gt;<\/a> \t\t\t\t\t\t\t\t<\/div>\n\t\t\t\t<\/div>\n\t\t\t\t\t<\/div>\n\t\t\t\t<\/div>\n\t\t\t\t\t<\/div>\n\t\t\t\t<\/div>\n\t\t\t\t<\/div>\n\t\t\t\t<\/div>\n\t\t\t\t\t<\/div>\n\t\t\t\t<\/div>\n\t\t\t\t<section class=\"elementor-section elementor-top-section elementor-element elementor-element-c126ecf overflow-hidden elementor-section-boxed elementor-section-height-default elementor-section-height-default\" data-id=\"c126ecf\" data-element_type=\"section\" data-e-type=\"section\">\n\t\t\t\t\t\t<div class=\"elementor-container elementor-column-gap-default\">\n\t\t\t\t\t<div class=\"elementor-column elementor-col-100 elementor-top-column elementor-element elementor-element-763afcd\" data-id=\"763afcd\" data-element_type=\"column\" data-e-type=\"column\">\n\t\t\t<div class=\"elementor-widget-wrap elementor-element-populated\">\n\t\t\t\t\t\t<section class=\"elementor-section elementor-inner-section elementor-element elementor-element-efaad2a elementor-reverse-tablet elementor-reverse-mobile elementor-section-boxed elementor-section-height-default elementor-section-height-default\" data-id=\"efaad2a\" data-element_type=\"section\" data-e-type=\"section\">\n\t\t\t\t\t\t<div class=\"elementor-container elementor-column-gap-default\">\n\t\t\t\t\t<div class=\"elementor-column elementor-col-50 elementor-inner-column elementor-element elementor-element-13b397f\" data-id=\"13b397f\" data-element_type=\"column\" data-e-type=\"column\">\n\t\t\t<div class=\"elementor-widget-wrap elementor-element-populated\">\n\t\t\t\t\t\t<div class=\"elementor-element elementor-element-f2df122 elementor-widget-tablet__width-inherit elementor-widget-mobile__width-inherit iteck-image-animation-none elementor-widget elementor-widget-iteck-image\" data-id=\"f2df122\" data-element_type=\"widget\" data-e-type=\"widget\" data-widget_type=\"iteck-image.default\">\n\t\t\t\t<div class=\"elementor-widget-container\">\n\t\t\t\t\t\n\t\t<div class=\"iteck-image\">\n\n\t\t\t\t\t\t\t\t\t<div class=\"elementor-image\">\n\t\t\t\t\t\t\t\t\t\t\t\t\t\t\t\t<img decoding=\"async\" width=\"719\" height=\"506\" src=\"https:\/\/www.centralpay.com\/wp-content\/uploads\/2024\/02\/paiement-api.png\" class=\"attachment-full size-full wp-image-28798\" alt=\"exemple de formulaire de paiement int\u00e9gr\u00e9 \u00e0 l&#039;int\u00e9rieur d&#039;un site marchand\" \/>\t\t\t\t\t\t\t\t\t\t\t\t\t\t\t\t\t\t\t<\/div>\n\t\t\t\n\t\t<\/div>\n\n\t\t\t\t\t\t<\/div>\n\t\t\t\t<\/div>\n\t\t\t\t\t<\/div>\n\t\t<\/div>\n\t\t\t\t<div class=\"elementor-column elementor-col-50 elementor-inner-column elementor-element elementor-element-e33f2f0\" data-id=\"e33f2f0\" data-element_type=\"column\" data-e-type=\"column\">\n\t\t\t<div class=\"elementor-widget-wrap elementor-element-populated\">\n\t\t\t\t\t\t<div class=\"elementor-element elementor-element-5bc3220 elementor-widget elementor-widget-text-editor\" data-id=\"5bc3220\" data-element_type=\"widget\" data-e-type=\"widget\" data-widget_type=\"text-editor.default\">\n\t\t\t\t<div class=\"elementor-widget-container\">\n\t\t\t\t\t\t\t\t\tIntegrated\t\t\t\t\t\t\t\t<\/div>\n\t\t\t\t<\/div>\n\t\t\t\t<div class=\"elementor-element elementor-element-a824469 elementor-widget elementor-widget-iteck-heading\" data-id=\"a824469\" data-element_type=\"widget\" data-e-type=\"widget\" data-widget_type=\"iteck-heading.default\">\n\t\t\t\t<div class=\"elementor-widget-container\">\n\t\t\t\t\t<h2 class=\"iteck-heading iteck-additional-color\">Custom Form<\/h2>\t\t\t\t<\/div>\n\t\t\t\t<\/div>\n\t\t\t\t<div class=\"elementor-element elementor-element-7e9f2ad elementor-widget elementor-widget-text-editor\" data-id=\"7e9f2ad\" data-element_type=\"widget\" data-e-type=\"widget\" data-widget_type=\"text-editor.default\">\n\t\t\t\t<div class=\"elementor-widget-container\">\n\t\t\t\t\t\t\t\t\t<p>Custom Form lets you develop your own form using our <a href=\"https:\/\/www.centralpay.com\/en\/solutions\/payment-transfer-solution\/\">online payment API<\/a>. This means you can create your own payment paths and integrate them into your web pages.<br><br style=\"margin-bottom: 10px;\">In particular, it allows your customers to pay without redirects or pop-ins.<\/p>\t\t\t\t\t\t\t\t<\/div>\n\t\t\t\t<\/div>\n\t\t\t\t\t<\/div>\n\t\t<\/div>\n\t\t\t\t\t<\/div>\n\t\t<\/section>\n\t\t\t\t\t<\/div>\n\t\t<\/div>\n\t\t\t\t\t<\/div>\n\t\t<\/section>\n\t\t<div class=\"elementor-element elementor-element-cb58257 e-flex e-con-boxed e-con e-parent\" data-id=\"cb58257\" data-element_type=\"container\" data-e-type=\"container\" data-settings=\"{&quot;background_background&quot;:&quot;classic&quot;}\">\n\t\t\t\t\t<div class=\"e-con-inner\">\n\t\t<div class=\"elementor-element elementor-element-8eb9fe0 e-con-full e-flex e-con e-child\" data-id=\"8eb9fe0\" data-element_type=\"container\" data-e-type=\"container\" data-settings=\"{&quot;background_background&quot;:&quot;classic&quot;}\">\n\t\t<div class=\"elementor-element elementor-element-28e24d5 e-con-full e-flex e-con e-child\" data-id=\"28e24d5\" data-element_type=\"container\" data-e-type=\"container\">\n\t\t<div class=\"elementor-element elementor-element-9604968 e-flex e-con-boxed e-con e-child\" data-id=\"9604968\" data-element_type=\"container\" data-e-type=\"container\">\n\t\t\t\t\t<div class=\"e-con-inner\">\n\t\t\t\t<div class=\"elementor-element elementor-element-b8f1a45 elementor-widget__width-inherit elementor-widget elementor-widget-iteck-heading\" data-id=\"b8f1a45\" data-element_type=\"widget\" data-e-type=\"widget\" data-widget_type=\"iteck-heading.default\">\n\t\t\t\t<div class=\"elementor-widget-container\">\n\t\t\t\t\t<h3 class=\"iteck-heading\">Examples of Custom Form online payment forms<\/h3>\t\t\t\t<\/div>\n\t\t\t\t<\/div>\n\t\t\t\t\t<\/div>\n\t\t\t\t<\/div>\n\t\t<div class=\"elementor-element elementor-element-ad924e7 e-flex e-con-boxed e-con e-child\" data-id=\"ad924e7\" data-element_type=\"container\" data-e-type=\"container\">\n\t\t\t\t\t<div class=\"e-con-inner\">\n\t\t<div class=\"elementor-element elementor-element-9e355a4 e-flex e-con-boxed e-con e-child\" data-id=\"9e355a4\" data-element_type=\"container\" data-e-type=\"container\">\n\t\t\t\t\t<div class=\"e-con-inner\">\n\t\t\t\t<div class=\"elementor-element elementor-element-b8c1250 elementor-widget__width-initial elementor-widget elementor-widget-text-editor\" data-id=\"b8c1250\" data-element_type=\"widget\" data-e-type=\"widget\" data-widget_type=\"text-editor.default\">\n\t\t\t\t<div class=\"elementor-widget-container\">\n\t\t\t\t\t\t\t\t\t<p><strong>Single<\/strong> <strong>payment<\/strong><\/p>\t\t\t\t\t\t\t\t<\/div>\n\t\t\t\t<\/div>\n\t\t\t\t<div class=\"elementor-element elementor-element-88c7320 elementor-widget__width-initial elementor-widget elementor-widget-text-editor\" data-id=\"88c7320\" data-element_type=\"widget\" data-e-type=\"widget\" data-widget_type=\"text-editor.default\">\n\t\t\t\t<div class=\"elementor-widget-container\">\n\t\t\t\t\t\t\t\t\t<a href=\"https:\/\/example.centralpay.net\/webapp\/credit-card-storage\" target=\"_blank\" rel=\"noopener\">See example  &gt;<\/a> \t\t\t\t\t\t\t\t<\/div>\n\t\t\t\t<\/div>\n\t\t\t\t\t<\/div>\n\t\t\t\t<\/div>\n\t\t<div class=\"elementor-element elementor-element-828b5d4 e-flex e-con-boxed e-con e-child\" data-id=\"828b5d4\" data-element_type=\"container\" data-e-type=\"container\">\n\t\t\t\t\t<div class=\"e-con-inner\">\n\t\t\t\t<div class=\"elementor-element elementor-element-83fa0d3 elementor-widget__width-initial elementor-widget elementor-widget-text-editor\" data-id=\"83fa0d3\" data-element_type=\"widget\" data-e-type=\"widget\" data-widget_type=\"text-editor.default\">\n\t\t\t\t<div class=\"elementor-widget-container\">\n\t\t\t\t\t\t\t\t\t<p><strong>3DSecure 2.0 payment<\/strong><\/p>\t\t\t\t\t\t\t\t<\/div>\n\t\t\t\t<\/div>\n\t\t\t\t<div class=\"elementor-element elementor-element-6d3902d elementor-widget__width-initial elementor-widget elementor-widget-text-editor\" data-id=\"6d3902d\" data-element_type=\"widget\" data-e-type=\"widget\" data-widget_type=\"text-editor.default\">\n\t\t\t\t<div class=\"elementor-widget-container\">\n\t\t\t\t\t\t\t\t\t<p><a href=\"https:\/\/example.centralpay.net\/webapp\/payment-3ds\" target=\"_blank\" rel=\"noopener\">See example  &gt;<\/a><\/p>\t\t\t\t\t\t\t\t<\/div>\n\t\t\t\t<\/div>\n\t\t\t\t\t<\/div>\n\t\t\t\t<\/div>\n\t\t<div class=\"elementor-element elementor-element-21c0321 e-flex e-con-boxed e-con e-child\" data-id=\"21c0321\" data-element_type=\"container\" data-e-type=\"container\">\n\t\t\t\t\t<div class=\"e-con-inner\">\n\t\t\t\t<div class=\"elementor-element elementor-element-35874df elementor-widget__width-initial elementor-widget elementor-widget-text-editor\" data-id=\"35874df\" data-element_type=\"widget\" data-e-type=\"widget\" data-widget_type=\"text-editor.default\">\n\t\t\t\t<div class=\"elementor-widget-container\">\n\t\t\t\t\t\t\t\t\t<p><strong>Payment with &#8220;acceptance rules<\/strong><\/p>\t\t\t\t\t\t\t\t<\/div>\n\t\t\t\t<\/div>\n\t\t\t\t<div class=\"elementor-element elementor-element-f480ab8 elementor-widget__width-initial elementor-widget elementor-widget-text-editor\" data-id=\"f480ab8\" data-element_type=\"widget\" data-e-type=\"widget\" data-widget_type=\"text-editor.default\">\n\t\t\t\t<div class=\"elementor-widget-container\">\n\t\t\t\t\t\t\t\t\t<a href=\"https:\/\/example.centralpay.net\/webapp\/card-acceptance\" target=\"_blank\" rel=\"noopener\">See example  &gt;<\/a> \t\t\t\t\t\t\t\t<\/div>\n\t\t\t\t<\/div>\n\t\t\t\t\t<\/div>\n\t\t\t\t<\/div>\n\t\t<div class=\"elementor-element elementor-element-bb37524 e-flex e-con-boxed e-con e-child\" data-id=\"bb37524\" data-element_type=\"container\" data-e-type=\"container\">\n\t\t\t\t\t<div class=\"e-con-inner\">\n\t\t\t\t<div class=\"elementor-element elementor-element-e13f2ac elementor-widget__width-initial elementor-widget elementor-widget-text-editor\" data-id=\"e13f2ac\" data-element_type=\"widget\" data-e-type=\"widget\" data-widget_type=\"text-editor.default\">\n\t\t\t\t<div class=\"elementor-widget-container\">\n\t\t\t\t\t\t\t\t\t<p><strong>Subscription payment<\/strong><\/p>\t\t\t\t\t\t\t\t<\/div>\n\t\t\t\t<\/div>\n\t\t\t\t<div class=\"elementor-element elementor-element-87fdc62 elementor-widget__width-initial elementor-widget elementor-widget-text-editor\" data-id=\"87fdc62\" data-element_type=\"widget\" data-e-type=\"widget\" data-widget_type=\"text-editor.default\">\n\t\t\t\t<div class=\"elementor-widget-container\">\n\t\t\t\t\t\t\t\t\t<a href=\"https:\/\/example.centralpay.net\/webapp\/subscription-signup\" target=\"_blank\" rel=\"noopener\">See example  &gt;<\/a> \t\t\t\t\t\t\t\t<\/div>\n\t\t\t\t<\/div>\n\t\t\t\t\t<\/div>\n\t\t\t\t<\/div>\n\t\t<div class=\"elementor-element elementor-element-b45fbd9 e-flex e-con-boxed e-con e-child\" data-id=\"b45fbd9\" data-element_type=\"container\" data-e-type=\"container\">\n\t\t\t\t\t<div class=\"e-con-inner\">\n\t\t\t\t<div class=\"elementor-element elementor-element-8be4e82 elementor-widget__width-initial elementor-widget elementor-widget-text-editor\" data-id=\"8be4e82\" data-element_type=\"widget\" data-e-type=\"widget\" data-widget_type=\"text-editor.default\">\n\t\t\t\t<div class=\"elementor-widget-container\">\n\t\t\t\t\t\t\t\t\t<p><strong>Installment payment<br><\/strong><\/p>\t\t\t\t\t\t\t\t<\/div>\n\t\t\t\t<\/div>\n\t\t\t\t<div class=\"elementor-element elementor-element-750aa18 elementor-widget__width-initial elementor-widget elementor-widget-text-editor\" data-id=\"750aa18\" data-element_type=\"widget\" data-e-type=\"widget\" data-widget_type=\"text-editor.default\">\n\t\t\t\t<div class=\"elementor-widget-container\">\n\t\t\t\t\t\t\t\t\t<a href=\"https:\/\/example.centralpay.net\/webapp\/installment-payment\" target=\"_blank\" rel=\"noopener\">See example  &gt;<\/a> \t\t\t\t\t\t\t\t<\/div>\n\t\t\t\t<\/div>\n\t\t\t\t\t<\/div>\n\t\t\t\t<\/div>\n\t\t\t\t\t<\/div>\n\t\t\t\t<\/div>\n\t\t\t\t<\/div>\n\t\t\t\t<\/div>\n\t\t\t\t\t<\/div>\n\t\t\t\t<\/div>\n\t\t\t\t<\/div>\n\t\t","protected":false},"excerpt":{"rendered":"<p>Example of an online payment form, hosted or integrated Turnkey Smart Form The Smart Form payment page is a form that embeds the majority of CentralPay payment paths and methods. It&#8217;s optimized for all types of device, and integrates easily with just a few lines of code.It opens as a pop-in or a new page before bringing the user back &hellip;<\/p>\n","protected":false},"author":1,"featured_media":21695,"parent":32162,"menu_order":2,"comment_status":"closed","ping_status":"closed","template":"blank-builder.php","meta":{"_acf_changed":false,"footnotes":""},"class_list":["post-19935","page","type-page","status-publish","has-post-thumbnail","hentry"],"acf":[],"_links":{"self":[{"href":"https:\/\/www.centralpay.com\/en\/wp-json\/wp\/v2\/pages\/19935","targetHints":{"allow":["GET"]}}],"collection":[{"href":"https:\/\/www.centralpay.com\/en\/wp-json\/wp\/v2\/pages"}],"about":[{"href":"https:\/\/www.centralpay.com\/en\/wp-json\/wp\/v2\/types\/page"}],"author":[{"embeddable":true,"href":"https:\/\/www.centralpay.com\/en\/wp-json\/wp\/v2\/users\/1"}],"replies":[{"embeddable":true,"href":"https:\/\/www.centralpay.com\/en\/wp-json\/wp\/v2\/comments?post=19935"}],"version-history":[{"count":0,"href":"https:\/\/www.centralpay.com\/en\/wp-json\/wp\/v2\/pages\/19935\/revisions"}],"up":[{"embeddable":true,"href":"https:\/\/www.centralpay.com\/en\/wp-json\/wp\/v2\/pages\/32162"}],"wp:featuredmedia":[{"embeddable":true,"href":"https:\/\/www.centralpay.com\/en\/wp-json\/wp\/v2\/media\/21695"}],"wp:attachment":[{"href":"https:\/\/www.centralpay.com\/en\/wp-json\/wp\/v2\/media?parent=19935"}],"curies":[{"name":"wp","href":"https:\/\/api.w.org\/{rel}","templated":true}]}}